{"id":1029049,"date":"2025-12-21T23:44:50","date_gmt":"2025-12-21T23:44:50","guid":{"rendered":"https:\/\/fjallravensi.dev.mortar.tovarnaidej.com\/?post_type=product&#038;p=1029049"},"modified":"2026-03-30T10:44:06","modified_gmt":"2026-03-30T10:44:06","slug":"expedition-down-lite-jacket-w","status":"publish","type":"product","link":"https:\/\/fjallravensi.dev.mortar.tovarnaidej.com\/hr\/proizvod\/expedition-down-lite-jacket-w\/","title":{"rendered":"Expedition Down Lite Jacket W"},"content":{"rendered":"<p>U\u017eivajte v zanesljivi toploti brez te\u017ee originala v tej la\u017eji razli\u010dici na\u0161e ikoni\u010dne klasike. Eti\u010dno pridobljen puh v pre\u0161itih kanalih je primeren za mile zimske razmere, sinteti\u010dno oblazinjenje ramen pa je odporno na vlago in pritisk nahrbtnika. \u017denska jakna Expedition Down Lite je tudi 16 cm kraj\u0161a za bolj\u0161o svobodo gibanja. Za\u0161\u010ditna kapuca z zna\u010dilnimi rumenimi vrvicami prepre\u010duje veter, prostorni \u017eepi s stranskimi odprtinami pa omogo\u010dajo, da imate bistvene stvari pri roki. Dvosmerna zadrga z zavihkom na gumbe in nastavljiv rob vam pomagata natan\u010dno prilagoditi izolacijo glede na spreminjajo\u010de se razmere.<\/p>\n","protected":false},"excerpt":{"rendered":"<p>Neprimerljivo topla puhovka za dame, ki jih rado zebe.<\/p>\n","protected":false},"featured_media":1029060,"template":"","meta":[],"product_brand":[105],"product_cat":[71],"product_tag":[477,489,550,556,561,555,559],"class_list":{"0":"post-1029049","1":"product","2":"type-product","3":"status-publish","4":"has-post-thumbnail","6":"product_brand-polar","7":"product_cat-jakne","8":"product_tag-polar","9":"product_tag-zenske","10":"product_tag-zenske-jakne","11":"product_tag-zenske-jakne-outdoor","12":"product_tag-zenske-jakne-puhaste","13":"product_tag-zenske-jakne-treking","14":"product_tag-zenske-jakne-zimske","16":"first","17":"instock","18":"shipping-taxable","19":"purchasable","20":"product-type-variable"},"yoast_head":"<!-- This site is optimized with the Yoast SEO plugin v27.0 - https:\/\/yoast.com\/product\/yoast-seo-wordpress\/ -->\n<title>Expedition Down Lite Jacket W - Fj\u00e4llr\u00e4ven<\/title>\n<meta name=\"robots\" content=\"index, follow, max-snippet:-1, max-image-preview:large, max-video-preview:-1\" \/>\n<link rel=\"canonical\" href=\"https:\/\/fjallravensi.dev.mortar.tovarnaidej.com\/izdelek\/expedition-down-lite-jacket-w\/\" \/>\n<meta property=\"og:locale\" content=\"hr_HR\" \/>\n<meta property=\"og:type\" content=\"article\" \/>\n<meta property=\"og:title\" content=\"Expedition Down Lite Jacket W - Fj\u00e4llr\u00e4ven\" \/>\n<meta property=\"og:description\" content=\"Neprimerljivo topla puhovka za dame, ki jih rado zebe.\" \/>\n<meta property=\"og:url\" content=\"https:\/\/fjallravensi.dev.mortar.tovarnaidej.com\/izdelek\/expedition-down-lite-jacket-w\/\" \/>\n<meta property=\"og:site_name\" content=\"Fj\u00e4llr\u00e4ven\" \/>\n<meta property=\"article:publisher\" content=\"https:\/\/www.facebook.com\/FjallravenSlovenia\" \/>\n<meta property=\"article:modified_time\" content=\"2026-03-30T10:44:06+00:00\" \/>\n<meta property=\"og:image\" content=\"https:\/\/fjallravensi.dev.mortar.tovarnaidej.com\/wp-content\/uploads\/2025\/12\/expedition_down_lite_jacket_w_89995-614-161_a_main_fjr.jpg\" \/>\n\t<meta property=\"og:image:width\" content=\"680\" \/>\n\t<meta property=\"og:image:height\" content=\"680\" \/>\n\t<meta property=\"og:image:type\" content=\"image\/jpeg\" \/>\n<meta name=\"twitter:card\" content=\"summary_large_image\" \/>\n<meta name=\"twitter:label1\" content=\"Procijenjeno vrijeme \u010ditanja\" \/>\n\t<meta name=\"twitter:data1\" content=\"1 minuta\" \/>\n<script type=\"application\/ld+json\" class=\"yoast-schema-graph\">{\"@context\":\"https:\/\/schema.org\",\"@graph\":[{\"@type\":\"WebPage\",\"@id\":\"https:\/\/fjallravensi.dev.mortar.tovarnaidej.com\/izdelek\/expedition-down-lite-jacket-w\/\",\"url\":\"https:\/\/fjallravensi.dev.mortar.tovarnaidej.com\/izdelek\/expedition-down-lite-jacket-w\/\",\"name\":\"Expedition Down Lite Jacket W - Fj\u00e4llr\u00e4ven\",\"isPartOf\":{\"@id\":\"https:\/\/fjallravensi.dev.mortar.tovarnaidej.com\/en\/#website\"},\"primaryImageOfPage\":{\"@id\":\"https:\/\/fjallravensi.dev.mortar.tovarnaidej.com\/izdelek\/expedition-down-lite-jacket-w\/#primaryimage\"},\"image\":{\"@id\":\"https:\/\/fjallravensi.dev.mortar.tovarnaidej.com\/izdelek\/expedition-down-lite-jacket-w\/#primaryimage\"},\"thumbnailUrl\":\"https:\/\/fjallravensi.dev.mortar.tovarnaidej.com\/wp-content\/uploads\/2025\/12\/expedition_down_lite_jacket_w_89995-614-161_a_main_fjr.jpg\",\"datePublished\":\"2025-12-21T23:44:50+00:00\",\"dateModified\":\"2026-03-30T10:44:06+00:00\",\"breadcrumb\":{\"@id\":\"https:\/\/fjallravensi.dev.mortar.tovarnaidej.com\/izdelek\/expedition-down-lite-jacket-w\/#breadcrumb\"},\"inLanguage\":\"hr\",\"potentialAction\":[{\"@type\":\"ReadAction\",\"target\":[\"https:\/\/fjallravensi.dev.mortar.tovarnaidej.com\/izdelek\/expedition-down-lite-jacket-w\/\"]}]},{\"@type\":\"ImageObject\",\"inLanguage\":\"hr\",\"@id\":\"https:\/\/fjallravensi.dev.mortar.tovarnaidej.com\/izdelek\/expedition-down-lite-jacket-w\/#primaryimage\",\"url\":\"https:\/\/fjallravensi.dev.mortar.tovarnaidej.com\/wp-content\/uploads\/2025\/12\/expedition_down_lite_jacket_w_89995-614-161_a_main_fjr.jpg\",\"contentUrl\":\"https:\/\/fjallravensi.dev.mortar.tovarnaidej.com\/wp-content\/uploads\/2025\/12\/expedition_down_lite_jacket_w_89995-614-161_a_main_fjr.jpg\",\"width\":680,\"height\":680},{\"@type\":\"BreadcrumbList\",\"@id\":\"https:\/\/fjallravensi.dev.mortar.tovarnaidej.com\/izdelek\/expedition-down-lite-jacket-w\/#breadcrumb\",\"itemListElement\":[{\"@type\":\"ListItem\",\"position\":1,\"name\":\"Home\",\"item\":\"https:\/\/fjallravensi.dev.mortar.tovarnaidej.com\/hr\/\"},{\"@type\":\"ListItem\",\"position\":2,\"name\":\"Trgovina\",\"item\":\"https:\/\/fjallravensi.dev.mortar.tovarnaidej.com\/hr\/trgovina\/\"},{\"@type\":\"ListItem\",\"position\":3,\"name\":\"Expedition Down Lite Jacket W\"}]},{\"@type\":\"WebSite\",\"@id\":\"https:\/\/fjallravensi.dev.mortar.tovarnaidej.com\/en\/#website\",\"url\":\"https:\/\/fjallravensi.dev.mortar.tovarnaidej.com\/en\/\",\"name\":\"Fj\u00e4llr\u00e4ven\",\"description\":\"Spletna trgovina\",\"publisher\":{\"@id\":\"https:\/\/fjallravensi.dev.mortar.tovarnaidej.com\/en\/#organization\"},\"potentialAction\":[{\"@type\":\"SearchAction\",\"target\":{\"@type\":\"EntryPoint\",\"urlTemplate\":\"https:\/\/fjallravensi.dev.mortar.tovarnaidej.com\/en\/?s={search_term_string}\"},\"query-input\":{\"@type\":\"PropertyValueSpecification\",\"valueRequired\":true,\"valueName\":\"search_term_string\"}}],\"inLanguage\":\"hr\"},{\"@type\":\"Organization\",\"@id\":\"https:\/\/fjallravensi.dev.mortar.tovarnaidej.com\/en\/#organization\",\"name\":\"Fj\u00e4llr\u00e4ven\",\"url\":\"https:\/\/fjallravensi.dev.mortar.tovarnaidej.com\/en\/\",\"logo\":{\"@type\":\"ImageObject\",\"inLanguage\":\"hr\",\"@id\":\"https:\/\/fjallravensi.dev.mortar.tovarnaidej.com\/en\/#\/schema\/logo\/image\/\",\"url\":\"https:\/\/fjallravensi.dev.mortar.tovarnaidej.com\/wp-content\/uploads\/2026\/02\/fjallravenlogo.svg\",\"contentUrl\":\"https:\/\/fjallravensi.dev.mortar.tovarnaidej.com\/wp-content\/uploads\/2026\/02\/fjallravenlogo.svg\",\"width\":126,\"height\":46,\"caption\":\"Fj\u00e4llr\u00e4ven\"},\"image\":{\"@id\":\"https:\/\/fjallravensi.dev.mortar.tovarnaidej.com\/en\/#\/schema\/logo\/image\/\"},\"sameAs\":[\"https:\/\/www.facebook.com\/FjallravenSlovenia\"]}]}<\/script>\n<!-- \/ Yoast SEO plugin. -->","yoast_head_json":{"title":"Expedition Down Lite Jacket W - Fj\u00e4llr\u00e4ven","robots":{"index":"index","follow":"follow","max-snippet":"max-snippet:-1","max-image-preview":"max-image-preview:large","max-video-preview":"max-video-preview:-1"},"canonical":"https:\/\/fjallravensi.dev.mortar.tovarnaidej.com\/izdelek\/expedition-down-lite-jacket-w\/","og_locale":"hr_HR","og_type":"article","og_title":"Expedition Down Lite Jacket W - Fj\u00e4llr\u00e4ven","og_description":"Neprimerljivo topla puhovka za dame, ki jih rado zebe.","og_url":"https:\/\/fjallravensi.dev.mortar.tovarnaidej.com\/izdelek\/expedition-down-lite-jacket-w\/","og_site_name":"Fj\u00e4llr\u00e4ven","article_publisher":"https:\/\/www.facebook.com\/FjallravenSlovenia","article_modified_time":"2026-03-30T10:44:06+00:00","og_image":[{"width":680,"height":680,"url":"https:\/\/fjallravensi.dev.mortar.tovarnaidej.com\/wp-content\/uploads\/2025\/12\/expedition_down_lite_jacket_w_89995-614-161_a_main_fjr.jpg","type":"image\/jpeg"}],"twitter_card":"summary_large_image","twitter_misc":{"Procijenjeno vrijeme \u010ditanja":"1 minuta"},"schema":{"@context":"https:\/\/schema.org","@graph":[{"@type":"WebPage","@id":"https:\/\/fjallravensi.dev.mortar.tovarnaidej.com\/izdelek\/expedition-down-lite-jacket-w\/","url":"https:\/\/fjallravensi.dev.mortar.tovarnaidej.com\/izdelek\/expedition-down-lite-jacket-w\/","name":"Expedition Down Lite Jacket W - Fj\u00e4llr\u00e4ven","isPartOf":{"@id":"https:\/\/fjallravensi.dev.mortar.tovarnaidej.com\/en\/#website"},"primaryImageOfPage":{"@id":"https:\/\/fjallravensi.dev.mortar.tovarnaidej.com\/izdelek\/expedition-down-lite-jacket-w\/#primaryimage"},"image":{"@id":"https:\/\/fjallravensi.dev.mortar.tovarnaidej.com\/izdelek\/expedition-down-lite-jacket-w\/#primaryimage"},"thumbnailUrl":"https:\/\/fjallravensi.dev.mortar.tovarnaidej.com\/wp-content\/uploads\/2025\/12\/expedition_down_lite_jacket_w_89995-614-161_a_main_fjr.jpg","datePublished":"2025-12-21T23:44:50+00:00","dateModified":"2026-03-30T10:44:06+00:00","breadcrumb":{"@id":"https:\/\/fjallravensi.dev.mortar.tovarnaidej.com\/izdelek\/expedition-down-lite-jacket-w\/#breadcrumb"},"inLanguage":"hr","potentialAction":[{"@type":"ReadAction","target":["https:\/\/fjallravensi.dev.mortar.tovarnaidej.com\/izdelek\/expedition-down-lite-jacket-w\/"]}]},{"@type":"ImageObject","inLanguage":"hr","@id":"https:\/\/fjallravensi.dev.mortar.tovarnaidej.com\/izdelek\/expedition-down-lite-jacket-w\/#primaryimage","url":"https:\/\/fjallravensi.dev.mortar.tovarnaidej.com\/wp-content\/uploads\/2025\/12\/expedition_down_lite_jacket_w_89995-614-161_a_main_fjr.jpg","contentUrl":"https:\/\/fjallravensi.dev.mortar.tovarnaidej.com\/wp-content\/uploads\/2025\/12\/expedition_down_lite_jacket_w_89995-614-161_a_main_fjr.jpg","width":680,"height":680},{"@type":"BreadcrumbList","@id":"https:\/\/fjallravensi.dev.mortar.tovarnaidej.com\/izdelek\/expedition-down-lite-jacket-w\/#breadcrumb","itemListElement":[{"@type":"ListItem","position":1,"name":"Home","item":"https:\/\/fjallravensi.dev.mortar.tovarnaidej.com\/hr\/"},{"@type":"ListItem","position":2,"name":"Trgovina","item":"https:\/\/fjallravensi.dev.mortar.tovarnaidej.com\/hr\/trgovina\/"},{"@type":"ListItem","position":3,"name":"Expedition Down Lite Jacket W"}]},{"@type":"WebSite","@id":"https:\/\/fjallravensi.dev.mortar.tovarnaidej.com\/en\/#website","url":"https:\/\/fjallravensi.dev.mortar.tovarnaidej.com\/en\/","name":"Fj\u00e4llr\u00e4ven","description":"Spletna trgovina","publisher":{"@id":"https:\/\/fjallravensi.dev.mortar.tovarnaidej.com\/en\/#organization"},"potentialAction":[{"@type":"SearchAction","target":{"@type":"EntryPoint","urlTemplate":"https:\/\/fjallravensi.dev.mortar.tovarnaidej.com\/en\/?s={search_term_string}"},"query-input":{"@type":"PropertyValueSpecification","valueRequired":true,"valueName":"search_term_string"}}],"inLanguage":"hr"},{"@type":"Organization","@id":"https:\/\/fjallravensi.dev.mortar.tovarnaidej.com\/en\/#organization","name":"Fj\u00e4llr\u00e4ven","url":"https:\/\/fjallravensi.dev.mortar.tovarnaidej.com\/en\/","logo":{"@type":"ImageObject","inLanguage":"hr","@id":"https:\/\/fjallravensi.dev.mortar.tovarnaidej.com\/en\/#\/schema\/logo\/image\/","url":"https:\/\/fjallravensi.dev.mortar.tovarnaidej.com\/wp-content\/uploads\/2026\/02\/fjallravenlogo.svg","contentUrl":"https:\/\/fjallravensi.dev.mortar.tovarnaidej.com\/wp-content\/uploads\/2026\/02\/fjallravenlogo.svg","width":126,"height":46,"caption":"Fj\u00e4llr\u00e4ven"},"image":{"@id":"https:\/\/fjallravensi.dev.mortar.tovarnaidej.com\/en\/#\/schema\/logo\/image\/"},"sameAs":["https:\/\/www.facebook.com\/FjallravenSlovenia"]}]}},"_links":{"self":[{"href":"https:\/\/fjallravensi.dev.mortar.tovarnaidej.com\/hr\/wp-json\/wp\/v2\/product\/1029049","targetHints":{"allow":["GET"]}}],"collection":[{"href":"https:\/\/fjallravensi.dev.mortar.tovarnaidej.com\/hr\/wp-json\/wp\/v2\/product"}],"about":[{"href":"https:\/\/fjallravensi.dev.mortar.tovarnaidej.com\/hr\/wp-json\/wp\/v2\/types\/product"}],"version-history":[{"count":1,"href":"https:\/\/fjallravensi.dev.mortar.tovarnaidej.com\/hr\/wp-json\/wp\/v2\/product\/1029049\/revisions"}],"predecessor-version":[{"id":1029059,"href":"https:\/\/fjallravensi.dev.mortar.tovarnaidej.com\/hr\/wp-json\/wp\/v2\/product\/1029049\/revisions\/1029059"}],"wp:featuredmedia":[{"embeddable":true,"href":"https:\/\/fjallravensi.dev.mortar.tovarnaidej.com\/hr\/wp-json\/wp\/v2\/media\/1029060"}],"wp:attachment":[{"href":"https:\/\/fjallravensi.dev.mortar.tovarnaidej.com\/hr\/wp-json\/wp\/v2\/media?parent=1029049"}],"wp:term":[{"taxonomy":"product_brand","embeddable":true,"href":"https:\/\/fjallravensi.dev.mortar.tovarnaidej.com\/hr\/wp-json\/wp\/v2\/product_brand?post=1029049"},{"taxonomy":"product_cat","embeddable":true,"href":"https:\/\/fjallravensi.dev.mortar.tovarnaidej.com\/hr\/wp-json\/wp\/v2\/product_cat?post=1029049"},{"taxonomy":"product_tag","embeddable":true,"href":"https:\/\/fjallravensi.dev.mortar.tovarnaidej.com\/hr\/wp-json\/wp\/v2\/product_tag?post=1029049"}],"curies":[{"name":"wp","href":"https:\/\/api.w.org\/{rel}","templated":true}]}}