{"id":1026120,"date":"2025-12-21T23:33:37","date_gmt":"2025-12-21T23:33:37","guid":{"rendered":"https:\/\/fjallravensi.dev.mortar.tovarnaidej.com\/?post_type=product&#038;p=1026120"},"modified":"2026-04-03T11:54:26","modified_gmt":"2026-04-03T11:54:26","slug":"abisko-winter-stretch-trousers-w","status":"publish","type":"product","link":"https:\/\/fjallravensi.dev.mortar.tovarnaidej.com\/hr\/proizvod\/abisko-winter-stretch-trousers-w\/","title":{"rendered":"Abisko Winter Stretch Trousers W"},"content":{"rendered":"<p>Hla\u010de Abisko Winter Stretch so ustvarjene kot va\u0161e najljub\u0161e vsestranske pohodni\u0161ke hla\u010de v hladnih razmerah. So zimske hla\u010de z mehko \u0161koljko, izdelane iz dvojno tkane, \u0161tirismerno raztegljive tkanine z bru\u0161eno notranjostjo, zaradi \u010desar so hkrati tople in izjemno udobne. Tkanina je izdelana iz me\u0161anice recikliranega poliamida, poliestra in elastana z DWR, proizvedeno brez PFAS. Izoblikovana kolena in elasti\u010den pas zagotavljajo odli\u010dno svobodo gibanja, nastavljivi konci hla\u010dnic pa s trakovi za za\u0161\u010dito pred snegom. \u017depi za roke in \u017eep na hla\u010dnici z zadrgo. Popolne za zimske izlete, kjer potrebujete odli\u010dno svobodo gibanja v kombinaciji s toplino, vzdr\u017eljivostjo in za\u0161\u010dito pred vremenskimi vplivi. <\/p>\n<p>\u010ce ste \u017ee ljubitelj na\u0161ih hla\u010d, potem lahko pri\u010dakujete, da boste v na\u0161em izbolj\u0161anem prileganju ostali enaki velikosti, \u010de nosite velikosti EU od 34 do 44. Velikosti EU od 46 naprej se lahko zmanj\u0161ajo za eno \u0161tevilko, odvisno od \u017eelenega prileganja. \u010ce so to va\u0161e prve hla\u010de, si oglejte na\u0161 Vodnik po velikostih, da najdete svojo najbolj\u0161o velikost.<\/p>\n","protected":false},"excerpt":{"rendered":"<p>Tople, trpe\u017ene in raztegljive softshell pohodni\u0161ke hla\u010de za hladnej\u0161e dni.<\/p>\n","protected":false},"featured_media":1026135,"template":"","meta":[],"product_brand":[458],"product_cat":[69],"product_tag":[472,469,489,552,565],"class_list":{"0":"post-1026120","1":"product","2":"type-product","3":"status-publish","4":"has-post-thumbnail","6":"product_brand-abisko","7":"product_cat-hlace","8":"product_tag-abisko","9":"product_tag-hlace","10":"product_tag-zenske","11":"product_tag-hlace-zenske","12":"product_tag-hlace-zenske-treking","14":"first","15":"outofstock","16":"shipping-taxable","17":"purchasable","18":"product-type-variable"},"yoast_head":"<!-- This site is optimized with the Yoast SEO plugin v27.0 - https:\/\/yoast.com\/product\/yoast-seo-wordpress\/ -->\n<title>Abisko Winter Stretch Trousers W - Fj\u00e4llr\u00e4ven<\/title>\n<meta name=\"robots\" content=\"index, follow, max-snippet:-1, max-image-preview:large, max-video-preview:-1\" \/>\n<link rel=\"canonical\" href=\"https:\/\/fjallravensi.dev.mortar.tovarnaidej.com\/izdelek\/abisko-winter-stretch-trousers-w\/\" \/>\n<meta property=\"og:locale\" content=\"hr_HR\" \/>\n<meta property=\"og:type\" content=\"article\" \/>\n<meta property=\"og:title\" content=\"Abisko Winter Stretch Trousers W - Fj\u00e4llr\u00e4ven\" \/>\n<meta property=\"og:description\" content=\"Tople, trpe\u017ene in raztegljive softshell pohodni\u0161ke hla\u010de za hladnej\u0161e dni.\" \/>\n<meta property=\"og:url\" content=\"https:\/\/fjallravensi.dev.mortar.tovarnaidej.com\/izdelek\/abisko-winter-stretch-trousers-w\/\" \/>\n<meta property=\"og:site_name\" content=\"Fj\u00e4llr\u00e4ven\" \/>\n<meta property=\"article:publisher\" content=\"https:\/\/www.facebook.com\/FjallravenSlovenia\" \/>\n<meta property=\"article:modified_time\" content=\"2026-04-03T11:54:26+00:00\" \/>\n<meta property=\"og:image\" content=\"https:\/\/fjallravensi.dev.mortar.tovarnaidej.com\/wp-content\/uploads\/2025\/12\/Womens-Novus-LT-Hoody-1-4.jpg\" \/>\n\t<meta property=\"og:image:width\" content=\"1200\" \/>\n\t<meta property=\"og:image:height\" content=\"1200\" \/>\n\t<meta property=\"og:image:type\" content=\"image\/jpeg\" \/>\n<meta name=\"twitter:card\" content=\"summary_large_image\" \/>\n<meta name=\"twitter:label1\" content=\"Procijenjeno vrijeme \u010ditanja\" \/>\n\t<meta name=\"twitter:data1\" content=\"1 minuta\" \/>\n<script type=\"application\/ld+json\" class=\"yoast-schema-graph\">{\"@context\":\"https:\/\/schema.org\",\"@graph\":[{\"@type\":\"WebPage\",\"@id\":\"https:\/\/fjallravensi.dev.mortar.tovarnaidej.com\/izdelek\/abisko-winter-stretch-trousers-w\/\",\"url\":\"https:\/\/fjallravensi.dev.mortar.tovarnaidej.com\/izdelek\/abisko-winter-stretch-trousers-w\/\",\"name\":\"Abisko Winter Stretch Trousers W - Fj\u00e4llr\u00e4ven\",\"isPartOf\":{\"@id\":\"https:\/\/fjallravensi.dev.mortar.tovarnaidej.com\/en\/#website\"},\"primaryImageOfPage\":{\"@id\":\"https:\/\/fjallravensi.dev.mortar.tovarnaidej.com\/izdelek\/abisko-winter-stretch-trousers-w\/#primaryimage\"},\"image\":{\"@id\":\"https:\/\/fjallravensi.dev.mortar.tovarnaidej.com\/izdelek\/abisko-winter-stretch-trousers-w\/#primaryimage\"},\"thumbnailUrl\":\"https:\/\/fjallravensi.dev.mortar.tovarnaidej.com\/wp-content\/uploads\/2025\/12\/Womens-Novus-LT-Hoody-1-4.jpg\",\"datePublished\":\"2025-12-21T23:33:37+00:00\",\"dateModified\":\"2026-04-03T11:54:26+00:00\",\"breadcrumb\":{\"@id\":\"https:\/\/fjallravensi.dev.mortar.tovarnaidej.com\/izdelek\/abisko-winter-stretch-trousers-w\/#breadcrumb\"},\"inLanguage\":\"hr\",\"potentialAction\":[{\"@type\":\"ReadAction\",\"target\":[\"https:\/\/fjallravensi.dev.mortar.tovarnaidej.com\/izdelek\/abisko-winter-stretch-trousers-w\/\"]}]},{\"@type\":\"ImageObject\",\"inLanguage\":\"hr\",\"@id\":\"https:\/\/fjallravensi.dev.mortar.tovarnaidej.com\/izdelek\/abisko-winter-stretch-trousers-w\/#primaryimage\",\"url\":\"https:\/\/fjallravensi.dev.mortar.tovarnaidej.com\/wp-content\/uploads\/2025\/12\/Womens-Novus-LT-Hoody-1-4.jpg\",\"contentUrl\":\"https:\/\/fjallravensi.dev.mortar.tovarnaidej.com\/wp-content\/uploads\/2025\/12\/Womens-Novus-LT-Hoody-1-4.jpg\",\"width\":1200,\"height\":1200},{\"@type\":\"BreadcrumbList\",\"@id\":\"https:\/\/fjallravensi.dev.mortar.tovarnaidej.com\/izdelek\/abisko-winter-stretch-trousers-w\/#breadcrumb\",\"itemListElement\":[{\"@type\":\"ListItem\",\"position\":1,\"name\":\"Home\",\"item\":\"https:\/\/fjallravensi.dev.mortar.tovarnaidej.com\/hr\/\"},{\"@type\":\"ListItem\",\"position\":2,\"name\":\"Trgovina\",\"item\":\"https:\/\/fjallravensi.dev.mortar.tovarnaidej.com\/hr\/trgovina\/\"},{\"@type\":\"ListItem\",\"position\":3,\"name\":\"Abisko Winter Stretch Trousers W\"}]},{\"@type\":\"WebSite\",\"@id\":\"https:\/\/fjallravensi.dev.mortar.tovarnaidej.com\/en\/#website\",\"url\":\"https:\/\/fjallravensi.dev.mortar.tovarnaidej.com\/en\/\",\"name\":\"Fj\u00e4llr\u00e4ven\",\"description\":\"Spletna trgovina\",\"publisher\":{\"@id\":\"https:\/\/fjallravensi.dev.mortar.tovarnaidej.com\/en\/#organization\"},\"potentialAction\":[{\"@type\":\"SearchAction\",\"target\":{\"@type\":\"EntryPoint\",\"urlTemplate\":\"https:\/\/fjallravensi.dev.mortar.tovarnaidej.com\/en\/?s={search_term_string}\"},\"query-input\":{\"@type\":\"PropertyValueSpecification\",\"valueRequired\":true,\"valueName\":\"search_term_string\"}}],\"inLanguage\":\"hr\"},{\"@type\":\"Organization\",\"@id\":\"https:\/\/fjallravensi.dev.mortar.tovarnaidej.com\/en\/#organization\",\"name\":\"Fj\u00e4llr\u00e4ven\",\"url\":\"https:\/\/fjallravensi.dev.mortar.tovarnaidej.com\/en\/\",\"logo\":{\"@type\":\"ImageObject\",\"inLanguage\":\"hr\",\"@id\":\"https:\/\/fjallravensi.dev.mortar.tovarnaidej.com\/en\/#\/schema\/logo\/image\/\",\"url\":\"https:\/\/fjallravensi.dev.mortar.tovarnaidej.com\/wp-content\/uploads\/2026\/02\/fjallravenlogo.svg\",\"contentUrl\":\"https:\/\/fjallravensi.dev.mortar.tovarnaidej.com\/wp-content\/uploads\/2026\/02\/fjallravenlogo.svg\",\"width\":126,\"height\":46,\"caption\":\"Fj\u00e4llr\u00e4ven\"},\"image\":{\"@id\":\"https:\/\/fjallravensi.dev.mortar.tovarnaidej.com\/en\/#\/schema\/logo\/image\/\"},\"sameAs\":[\"https:\/\/www.facebook.com\/FjallravenSlovenia\"]}]}<\/script>\n<!-- \/ Yoast SEO plugin. -->","yoast_head_json":{"title":"Abisko Winter Stretch Trousers W - Fj\u00e4llr\u00e4ven","robots":{"index":"index","follow":"follow","max-snippet":"max-snippet:-1","max-image-preview":"max-image-preview:large","max-video-preview":"max-video-preview:-1"},"canonical":"https:\/\/fjallravensi.dev.mortar.tovarnaidej.com\/izdelek\/abisko-winter-stretch-trousers-w\/","og_locale":"hr_HR","og_type":"article","og_title":"Abisko Winter Stretch Trousers W - Fj\u00e4llr\u00e4ven","og_description":"Tople, trpe\u017ene in raztegljive softshell pohodni\u0161ke hla\u010de za hladnej\u0161e dni.","og_url":"https:\/\/fjallravensi.dev.mortar.tovarnaidej.com\/izdelek\/abisko-winter-stretch-trousers-w\/","og_site_name":"Fj\u00e4llr\u00e4ven","article_publisher":"https:\/\/www.facebook.com\/FjallravenSlovenia","article_modified_time":"2026-04-03T11:54:26+00:00","og_image":[{"width":1200,"height":1200,"url":"https:\/\/fjallravensi.dev.mortar.tovarnaidej.com\/wp-content\/uploads\/2025\/12\/Womens-Novus-LT-Hoody-1-4.jpg","type":"image\/jpeg"}],"twitter_card":"summary_large_image","twitter_misc":{"Procijenjeno vrijeme \u010ditanja":"1 minuta"},"schema":{"@context":"https:\/\/schema.org","@graph":[{"@type":"WebPage","@id":"https:\/\/fjallravensi.dev.mortar.tovarnaidej.com\/izdelek\/abisko-winter-stretch-trousers-w\/","url":"https:\/\/fjallravensi.dev.mortar.tovarnaidej.com\/izdelek\/abisko-winter-stretch-trousers-w\/","name":"Abisko Winter Stretch Trousers W - Fj\u00e4llr\u00e4ven","isPartOf":{"@id":"https:\/\/fjallravensi.dev.mortar.tovarnaidej.com\/en\/#website"},"primaryImageOfPage":{"@id":"https:\/\/fjallravensi.dev.mortar.tovarnaidej.com\/izdelek\/abisko-winter-stretch-trousers-w\/#primaryimage"},"image":{"@id":"https:\/\/fjallravensi.dev.mortar.tovarnaidej.com\/izdelek\/abisko-winter-stretch-trousers-w\/#primaryimage"},"thumbnailUrl":"https:\/\/fjallravensi.dev.mortar.tovarnaidej.com\/wp-content\/uploads\/2025\/12\/Womens-Novus-LT-Hoody-1-4.jpg","datePublished":"2025-12-21T23:33:37+00:00","dateModified":"2026-04-03T11:54:26+00:00","breadcrumb":{"@id":"https:\/\/fjallravensi.dev.mortar.tovarnaidej.com\/izdelek\/abisko-winter-stretch-trousers-w\/#breadcrumb"},"inLanguage":"hr","potentialAction":[{"@type":"ReadAction","target":["https:\/\/fjallravensi.dev.mortar.tovarnaidej.com\/izdelek\/abisko-winter-stretch-trousers-w\/"]}]},{"@type":"ImageObject","inLanguage":"hr","@id":"https:\/\/fjallravensi.dev.mortar.tovarnaidej.com\/izdelek\/abisko-winter-stretch-trousers-w\/#primaryimage","url":"https:\/\/fjallravensi.dev.mortar.tovarnaidej.com\/wp-content\/uploads\/2025\/12\/Womens-Novus-LT-Hoody-1-4.jpg","contentUrl":"https:\/\/fjallravensi.dev.mortar.tovarnaidej.com\/wp-content\/uploads\/2025\/12\/Womens-Novus-LT-Hoody-1-4.jpg","width":1200,"height":1200},{"@type":"BreadcrumbList","@id":"https:\/\/fjallravensi.dev.mortar.tovarnaidej.com\/izdelek\/abisko-winter-stretch-trousers-w\/#breadcrumb","itemListElement":[{"@type":"ListItem","position":1,"name":"Home","item":"https:\/\/fjallravensi.dev.mortar.tovarnaidej.com\/hr\/"},{"@type":"ListItem","position":2,"name":"Trgovina","item":"https:\/\/fjallravensi.dev.mortar.tovarnaidej.com\/hr\/trgovina\/"},{"@type":"ListItem","position":3,"name":"Abisko Winter Stretch Trousers W"}]},{"@type":"WebSite","@id":"https:\/\/fjallravensi.dev.mortar.tovarnaidej.com\/en\/#website","url":"https:\/\/fjallravensi.dev.mortar.tovarnaidej.com\/en\/","name":"Fj\u00e4llr\u00e4ven","description":"Spletna trgovina","publisher":{"@id":"https:\/\/fjallravensi.dev.mortar.tovarnaidej.com\/en\/#organization"},"potentialAction":[{"@type":"SearchAction","target":{"@type":"EntryPoint","urlTemplate":"https:\/\/fjallravensi.dev.mortar.tovarnaidej.com\/en\/?s={search_term_string}"},"query-input":{"@type":"PropertyValueSpecification","valueRequired":true,"valueName":"search_term_string"}}],"inLanguage":"hr"},{"@type":"Organization","@id":"https:\/\/fjallravensi.dev.mortar.tovarnaidej.com\/en\/#organization","name":"Fj\u00e4llr\u00e4ven","url":"https:\/\/fjallravensi.dev.mortar.tovarnaidej.com\/en\/","logo":{"@type":"ImageObject","inLanguage":"hr","@id":"https:\/\/fjallravensi.dev.mortar.tovarnaidej.com\/en\/#\/schema\/logo\/image\/","url":"https:\/\/fjallravensi.dev.mortar.tovarnaidej.com\/wp-content\/uploads\/2026\/02\/fjallravenlogo.svg","contentUrl":"https:\/\/fjallravensi.dev.mortar.tovarnaidej.com\/wp-content\/uploads\/2026\/02\/fjallravenlogo.svg","width":126,"height":46,"caption":"Fj\u00e4llr\u00e4ven"},"image":{"@id":"https:\/\/fjallravensi.dev.mortar.tovarnaidej.com\/en\/#\/schema\/logo\/image\/"},"sameAs":["https:\/\/www.facebook.com\/FjallravenSlovenia"]}]}},"_links":{"self":[{"href":"https:\/\/fjallravensi.dev.mortar.tovarnaidej.com\/hr\/wp-json\/wp\/v2\/product\/1026120","targetHints":{"allow":["GET"]}}],"collection":[{"href":"https:\/\/fjallravensi.dev.mortar.tovarnaidej.com\/hr\/wp-json\/wp\/v2\/product"}],"about":[{"href":"https:\/\/fjallravensi.dev.mortar.tovarnaidej.com\/hr\/wp-json\/wp\/v2\/types\/product"}],"version-history":[{"count":1,"href":"https:\/\/fjallravensi.dev.mortar.tovarnaidej.com\/hr\/wp-json\/wp\/v2\/product\/1026120\/revisions"}],"predecessor-version":[{"id":1026129,"href":"https:\/\/fjallravensi.dev.mortar.tovarnaidej.com\/hr\/wp-json\/wp\/v2\/product\/1026120\/revisions\/1026129"}],"wp:featuredmedia":[{"embeddable":true,"href":"https:\/\/fjallravensi.dev.mortar.tovarnaidej.com\/hr\/wp-json\/wp\/v2\/media\/1026135"}],"wp:attachment":[{"href":"https:\/\/fjallravensi.dev.mortar.tovarnaidej.com\/hr\/wp-json\/wp\/v2\/media?parent=1026120"}],"wp:term":[{"taxonomy":"product_brand","embeddable":true,"href":"https:\/\/fjallravensi.dev.mortar.tovarnaidej.com\/hr\/wp-json\/wp\/v2\/product_brand?post=1026120"},{"taxonomy":"product_cat","embeddable":true,"href":"https:\/\/fjallravensi.dev.mortar.tovarnaidej.com\/hr\/wp-json\/wp\/v2\/product_cat?post=1026120"},{"taxonomy":"product_tag","embeddable":true,"href":"https:\/\/fjallravensi.dev.mortar.tovarnaidej.com\/hr\/wp-json\/wp\/v2\/product_tag?post=1026120"}],"curies":[{"name":"wp","href":"https:\/\/api.w.org\/{rel}","templated":true}]}}