{"id":1025091,"date":"2025-12-21T23:28:42","date_gmt":"2025-12-21T23:28:42","guid":{"rendered":"https:\/\/fjallravensi.dev.mortar.tovarnaidej.com\/?post_type=product&#038;p=1025091"},"modified":"2026-03-31T20:11:31","modified_gmt":"2026-03-31T20:11:31","slug":"bergtagen-merino-balaclava","status":"publish","type":"product","link":"https:\/\/fjallravensi.dev.mortar.tovarnaidej.com\/hr\/proizvod\/bergtagen-merino-balaclava\/","title":{"rendered":"Bergtagen Merino Balaclava"},"content":{"rendered":"<p>Lahka in udobna podkapa iz mehke 100 % sledljive merino volne, izdelana tako, da se tesno prilega pod \u010delado, kapuco ali celo kapo ali klobuk. Bergtagen merino podkapa \u0161\u010diti obraz in vrat v hladnih, vetrovnih dneh in je zelo vsestranska \u2013 njena konstrukcija s te\u010daji omogo\u010da no\u0161enje visoko \u010dez nos, nizko okoli brade ali pa jo prepognete nazaj kot varovalko za vrat. Mehka merino volna odvaja vlago, izolira tudi, ko je vla\u017ena, in se naravno upira vonjavam.<\/p>\n","protected":false},"excerpt":{"rendered":"<p>Lahka in udobna podkapa iz mehke 100 % sledljive merino volne. Tesno se prilega pod \u010delado ali kapuco ali celo pod kapo ali klobuk.<\/p>\n","protected":false},"featured_media":1025115,"template":"","meta":[],"product_brand":[462],"product_cat":[55],"product_tag":[491,554,541],"class_list":{"0":"post-1025091","1":"product","2":"type-product","3":"status-publish","4":"has-post-thumbnail","6":"product_brand-bergtagen","7":"product_cat-dodatki","8":"product_tag-bergtagen","9":"product_tag-dodatki","10":"product_tag-dodatki-kape","12":"first","13":"outofstock","14":"shipping-taxable","15":"purchasable","16":"product-type-variable"},"yoast_head":"<!-- This site is optimized with the Yoast SEO plugin v27.0 - https:\/\/yoast.com\/product\/yoast-seo-wordpress\/ -->\n<title>Bergtagen Merino Balaclava - Fj\u00e4llr\u00e4ven<\/title>\n<meta name=\"robots\" content=\"index, follow, max-snippet:-1, max-image-preview:large, max-video-preview:-1\" \/>\n<link rel=\"canonical\" href=\"https:\/\/fjallravensi.dev.mortar.tovarnaidej.com\/izdelek\/bergtagen-merino-balaclava\/\" \/>\n<meta property=\"og:locale\" content=\"hr_HR\" \/>\n<meta property=\"og:type\" content=\"article\" \/>\n<meta property=\"og:title\" content=\"Bergtagen Merino Balaclava - Fj\u00e4llr\u00e4ven\" \/>\n<meta property=\"og:description\" content=\"Lahka in udobna podkapa iz mehke 100 % sledljive merino volne. Tesno se prilega pod \u010delado ali kapuco ali celo pod kapo ali klobuk.\" \/>\n<meta property=\"og:url\" content=\"https:\/\/fjallravensi.dev.mortar.tovarnaidej.com\/izdelek\/bergtagen-merino-balaclava\/\" \/>\n<meta property=\"og:site_name\" content=\"Fj\u00e4llr\u00e4ven\" \/>\n<meta property=\"article:publisher\" content=\"https:\/\/www.facebook.com\/FjallravenSlovenia\" \/>\n<meta property=\"article:modified_time\" content=\"2026-03-31T20:11:31+00:00\" \/>\n<meta property=\"og:image\" content=\"https:\/\/fjallravensi.dev.mortar.tovarnaidej.com\/wp-content\/uploads\/2025\/12\/bergtagen_merino_balaclava_13100186-570_a_main.webp\" \/>\n\t<meta property=\"og:image:width\" content=\"1248\" \/>\n\t<meta property=\"og:image:height\" content=\"1248\" \/>\n\t<meta property=\"og:image:type\" content=\"image\/webp\" \/>\n<meta name=\"twitter:card\" content=\"summary_large_image\" \/>\n<script type=\"application\/ld+json\" class=\"yoast-schema-graph\">{\"@context\":\"https:\/\/schema.org\",\"@graph\":[{\"@type\":\"WebPage\",\"@id\":\"https:\/\/fjallravensi.dev.mortar.tovarnaidej.com\/izdelek\/bergtagen-merino-balaclava\/\",\"url\":\"https:\/\/fjallravensi.dev.mortar.tovarnaidej.com\/izdelek\/bergtagen-merino-balaclava\/\",\"name\":\"Bergtagen Merino Balaclava - Fj\u00e4llr\u00e4ven\",\"isPartOf\":{\"@id\":\"https:\/\/fjallravensi.dev.mortar.tovarnaidej.com\/en\/#website\"},\"primaryImageOfPage\":{\"@id\":\"https:\/\/fjallravensi.dev.mortar.tovarnaidej.com\/izdelek\/bergtagen-merino-balaclava\/#primaryimage\"},\"image\":{\"@id\":\"https:\/\/fjallravensi.dev.mortar.tovarnaidej.com\/izdelek\/bergtagen-merino-balaclava\/#primaryimage\"},\"thumbnailUrl\":\"https:\/\/fjallravensi.dev.mortar.tovarnaidej.com\/wp-content\/uploads\/2025\/12\/bergtagen_merino_balaclava_13100186-570_a_main.webp\",\"datePublished\":\"2025-12-21T23:28:42+00:00\",\"dateModified\":\"2026-03-31T20:11:31+00:00\",\"breadcrumb\":{\"@id\":\"https:\/\/fjallravensi.dev.mortar.tovarnaidej.com\/izdelek\/bergtagen-merino-balaclava\/#breadcrumb\"},\"inLanguage\":\"hr\",\"potentialAction\":[{\"@type\":\"ReadAction\",\"target\":[\"https:\/\/fjallravensi.dev.mortar.tovarnaidej.com\/izdelek\/bergtagen-merino-balaclava\/\"]}]},{\"@type\":\"ImageObject\",\"inLanguage\":\"hr\",\"@id\":\"https:\/\/fjallravensi.dev.mortar.tovarnaidej.com\/izdelek\/bergtagen-merino-balaclava\/#primaryimage\",\"url\":\"https:\/\/fjallravensi.dev.mortar.tovarnaidej.com\/wp-content\/uploads\/2025\/12\/bergtagen_merino_balaclava_13100186-570_a_main.webp\",\"contentUrl\":\"https:\/\/fjallravensi.dev.mortar.tovarnaidej.com\/wp-content\/uploads\/2025\/12\/bergtagen_merino_balaclava_13100186-570_a_main.webp\",\"width\":1248,\"height\":1248},{\"@type\":\"BreadcrumbList\",\"@id\":\"https:\/\/fjallravensi.dev.mortar.tovarnaidej.com\/izdelek\/bergtagen-merino-balaclava\/#breadcrumb\",\"itemListElement\":[{\"@type\":\"ListItem\",\"position\":1,\"name\":\"Home\",\"item\":\"https:\/\/fjallravensi.dev.mortar.tovarnaidej.com\/hr\/\"},{\"@type\":\"ListItem\",\"position\":2,\"name\":\"Trgovina\",\"item\":\"https:\/\/fjallravensi.dev.mortar.tovarnaidej.com\/hr\/trgovina\/\"},{\"@type\":\"ListItem\",\"position\":3,\"name\":\"Bergtagen Merino Balaclava\"}]},{\"@type\":\"WebSite\",\"@id\":\"https:\/\/fjallravensi.dev.mortar.tovarnaidej.com\/en\/#website\",\"url\":\"https:\/\/fjallravensi.dev.mortar.tovarnaidej.com\/en\/\",\"name\":\"Fj\u00e4llr\u00e4ven\",\"description\":\"Spletna trgovina\",\"publisher\":{\"@id\":\"https:\/\/fjallravensi.dev.mortar.tovarnaidej.com\/en\/#organization\"},\"potentialAction\":[{\"@type\":\"SearchAction\",\"target\":{\"@type\":\"EntryPoint\",\"urlTemplate\":\"https:\/\/fjallravensi.dev.mortar.tovarnaidej.com\/en\/?s={search_term_string}\"},\"query-input\":{\"@type\":\"PropertyValueSpecification\",\"valueRequired\":true,\"valueName\":\"search_term_string\"}}],\"inLanguage\":\"hr\"},{\"@type\":\"Organization\",\"@id\":\"https:\/\/fjallravensi.dev.mortar.tovarnaidej.com\/en\/#organization\",\"name\":\"Fj\u00e4llr\u00e4ven\",\"url\":\"https:\/\/fjallravensi.dev.mortar.tovarnaidej.com\/en\/\",\"logo\":{\"@type\":\"ImageObject\",\"inLanguage\":\"hr\",\"@id\":\"https:\/\/fjallravensi.dev.mortar.tovarnaidej.com\/en\/#\/schema\/logo\/image\/\",\"url\":\"https:\/\/fjallravensi.dev.mortar.tovarnaidej.com\/wp-content\/uploads\/2026\/02\/fjallravenlogo.svg\",\"contentUrl\":\"https:\/\/fjallravensi.dev.mortar.tovarnaidej.com\/wp-content\/uploads\/2026\/02\/fjallravenlogo.svg\",\"width\":126,\"height\":46,\"caption\":\"Fj\u00e4llr\u00e4ven\"},\"image\":{\"@id\":\"https:\/\/fjallravensi.dev.mortar.tovarnaidej.com\/en\/#\/schema\/logo\/image\/\"},\"sameAs\":[\"https:\/\/www.facebook.com\/FjallravenSlovenia\"]}]}<\/script>\n<!-- \/ Yoast SEO plugin. -->","yoast_head_json":{"title":"Bergtagen Merino Balaclava - Fj\u00e4llr\u00e4ven","robots":{"index":"index","follow":"follow","max-snippet":"max-snippet:-1","max-image-preview":"max-image-preview:large","max-video-preview":"max-video-preview:-1"},"canonical":"https:\/\/fjallravensi.dev.mortar.tovarnaidej.com\/izdelek\/bergtagen-merino-balaclava\/","og_locale":"hr_HR","og_type":"article","og_title":"Bergtagen Merino Balaclava - Fj\u00e4llr\u00e4ven","og_description":"Lahka in udobna podkapa iz mehke 100 % sledljive merino volne. Tesno se prilega pod \u010delado ali kapuco ali celo pod kapo ali klobuk.","og_url":"https:\/\/fjallravensi.dev.mortar.tovarnaidej.com\/izdelek\/bergtagen-merino-balaclava\/","og_site_name":"Fj\u00e4llr\u00e4ven","article_publisher":"https:\/\/www.facebook.com\/FjallravenSlovenia","article_modified_time":"2026-03-31T20:11:31+00:00","og_image":[{"width":1248,"height":1248,"url":"https:\/\/fjallravensi.dev.mortar.tovarnaidej.com\/wp-content\/uploads\/2025\/12\/bergtagen_merino_balaclava_13100186-570_a_main.webp","type":"image\/webp"}],"twitter_card":"summary_large_image","schema":{"@context":"https:\/\/schema.org","@graph":[{"@type":"WebPage","@id":"https:\/\/fjallravensi.dev.mortar.tovarnaidej.com\/izdelek\/bergtagen-merino-balaclava\/","url":"https:\/\/fjallravensi.dev.mortar.tovarnaidej.com\/izdelek\/bergtagen-merino-balaclava\/","name":"Bergtagen Merino Balaclava - Fj\u00e4llr\u00e4ven","isPartOf":{"@id":"https:\/\/fjallravensi.dev.mortar.tovarnaidej.com\/en\/#website"},"primaryImageOfPage":{"@id":"https:\/\/fjallravensi.dev.mortar.tovarnaidej.com\/izdelek\/bergtagen-merino-balaclava\/#primaryimage"},"image":{"@id":"https:\/\/fjallravensi.dev.mortar.tovarnaidej.com\/izdelek\/bergtagen-merino-balaclava\/#primaryimage"},"thumbnailUrl":"https:\/\/fjallravensi.dev.mortar.tovarnaidej.com\/wp-content\/uploads\/2025\/12\/bergtagen_merino_balaclava_13100186-570_a_main.webp","datePublished":"2025-12-21T23:28:42+00:00","dateModified":"2026-03-31T20:11:31+00:00","breadcrumb":{"@id":"https:\/\/fjallravensi.dev.mortar.tovarnaidej.com\/izdelek\/bergtagen-merino-balaclava\/#breadcrumb"},"inLanguage":"hr","potentialAction":[{"@type":"ReadAction","target":["https:\/\/fjallravensi.dev.mortar.tovarnaidej.com\/izdelek\/bergtagen-merino-balaclava\/"]}]},{"@type":"ImageObject","inLanguage":"hr","@id":"https:\/\/fjallravensi.dev.mortar.tovarnaidej.com\/izdelek\/bergtagen-merino-balaclava\/#primaryimage","url":"https:\/\/fjallravensi.dev.mortar.tovarnaidej.com\/wp-content\/uploads\/2025\/12\/bergtagen_merino_balaclava_13100186-570_a_main.webp","contentUrl":"https:\/\/fjallravensi.dev.mortar.tovarnaidej.com\/wp-content\/uploads\/2025\/12\/bergtagen_merino_balaclava_13100186-570_a_main.webp","width":1248,"height":1248},{"@type":"BreadcrumbList","@id":"https:\/\/fjallravensi.dev.mortar.tovarnaidej.com\/izdelek\/bergtagen-merino-balaclava\/#breadcrumb","itemListElement":[{"@type":"ListItem","position":1,"name":"Home","item":"https:\/\/fjallravensi.dev.mortar.tovarnaidej.com\/hr\/"},{"@type":"ListItem","position":2,"name":"Trgovina","item":"https:\/\/fjallravensi.dev.mortar.tovarnaidej.com\/hr\/trgovina\/"},{"@type":"ListItem","position":3,"name":"Bergtagen Merino Balaclava"}]},{"@type":"WebSite","@id":"https:\/\/fjallravensi.dev.mortar.tovarnaidej.com\/en\/#website","url":"https:\/\/fjallravensi.dev.mortar.tovarnaidej.com\/en\/","name":"Fj\u00e4llr\u00e4ven","description":"Spletna trgovina","publisher":{"@id":"https:\/\/fjallravensi.dev.mortar.tovarnaidej.com\/en\/#organization"},"potentialAction":[{"@type":"SearchAction","target":{"@type":"EntryPoint","urlTemplate":"https:\/\/fjallravensi.dev.mortar.tovarnaidej.com\/en\/?s={search_term_string}"},"query-input":{"@type":"PropertyValueSpecification","valueRequired":true,"valueName":"search_term_string"}}],"inLanguage":"hr"},{"@type":"Organization","@id":"https:\/\/fjallravensi.dev.mortar.tovarnaidej.com\/en\/#organization","name":"Fj\u00e4llr\u00e4ven","url":"https:\/\/fjallravensi.dev.mortar.tovarnaidej.com\/en\/","logo":{"@type":"ImageObject","inLanguage":"hr","@id":"https:\/\/fjallravensi.dev.mortar.tovarnaidej.com\/en\/#\/schema\/logo\/image\/","url":"https:\/\/fjallravensi.dev.mortar.tovarnaidej.com\/wp-content\/uploads\/2026\/02\/fjallravenlogo.svg","contentUrl":"https:\/\/fjallravensi.dev.mortar.tovarnaidej.com\/wp-content\/uploads\/2026\/02\/fjallravenlogo.svg","width":126,"height":46,"caption":"Fj\u00e4llr\u00e4ven"},"image":{"@id":"https:\/\/fjallravensi.dev.mortar.tovarnaidej.com\/en\/#\/schema\/logo\/image\/"},"sameAs":["https:\/\/www.facebook.com\/FjallravenSlovenia"]}]}},"_links":{"self":[{"href":"https:\/\/fjallravensi.dev.mortar.tovarnaidej.com\/hr\/wp-json\/wp\/v2\/product\/1025091","targetHints":{"allow":["GET"]}}],"collection":[{"href":"https:\/\/fjallravensi.dev.mortar.tovarnaidej.com\/hr\/wp-json\/wp\/v2\/product"}],"about":[{"href":"https:\/\/fjallravensi.dev.mortar.tovarnaidej.com\/hr\/wp-json\/wp\/v2\/types\/product"}],"version-history":[{"count":1,"href":"https:\/\/fjallravensi.dev.mortar.tovarnaidej.com\/hr\/wp-json\/wp\/v2\/product\/1025091\/revisions"}],"predecessor-version":[{"id":1025114,"href":"https:\/\/fjallravensi.dev.mortar.tovarnaidej.com\/hr\/wp-json\/wp\/v2\/product\/1025091\/revisions\/1025114"}],"wp:featuredmedia":[{"embeddable":true,"href":"https:\/\/fjallravensi.dev.mortar.tovarnaidej.com\/hr\/wp-json\/wp\/v2\/media\/1025115"}],"wp:attachment":[{"href":"https:\/\/fjallravensi.dev.mortar.tovarnaidej.com\/hr\/wp-json\/wp\/v2\/media?parent=1025091"}],"wp:term":[{"taxonomy":"product_brand","embeddable":true,"href":"https:\/\/fjallravensi.dev.mortar.tovarnaidej.com\/hr\/wp-json\/wp\/v2\/product_brand?post=1025091"},{"taxonomy":"product_cat","embeddable":true,"href":"https:\/\/fjallravensi.dev.mortar.tovarnaidej.com\/hr\/wp-json\/wp\/v2\/product_cat?post=1025091"},{"taxonomy":"product_tag","embeddable":true,"href":"https:\/\/fjallravensi.dev.mortar.tovarnaidej.com\/hr\/wp-json\/wp\/v2\/product_tag?post=1025091"}],"curies":[{"name":"wp","href":"https:\/\/api.w.org\/{rel}","templated":true}]}}