{"id":1003667,"date":"2025-04-08T09:28:05","date_gmt":"2025-04-08T09:28:05","guid":{"rendered":"https:\/\/fjallshop.hr\/kategorije\/"},"modified":"2025-11-14T08:11:11","modified_gmt":"2025-11-14T08:11:11","slug":"kategorije","status":"publish","type":"page","link":"https:\/\/fjallravensi.dev.mortar.tovarnaidej.com\/hr\/kategorije\/","title":{"rendered":"Kategorije"},"content":{"rendered":"\t\t<div data-elementor-type=\"wp-page\" data-elementor-id=\"1003667\" class=\"elementor elementor-1003667 elementor-1211\" data-elementor-post-type=\"page\">\n\t\t\t\t<div class=\"elementor-element elementor-element-4d58a82 elementor-hidden-desktop elementor-hidden-tablet elementor-hidden-mobile e-flex e-con-boxed glozin-responsive-column glozin-tablet-column--default glozin-responsive-column glozin-mobile-column--default e-con e-parent\" data-id=\"4d58a82\" data-element_type=\"container\">\n\t\t\t\t\t<div class=\"e-con-inner\">\n\t\t\t\t<div class=\"elementor-element elementor-element-4067685 elementor-widget elementor-widget-glozin-heading\" data-id=\"4067685\" data-element_type=\"widget\" data-widget_type=\"glozin-heading.default\">\n\t\t\t\t<div class=\"elementor-widget-container\">\n\t\t\t\t\t\t\t<div class=\"glozin-heading-elementor\">\n\t\t\t\t<h2 class=\"glozin-heading d-flex align-items-center my-0 glozin-heading--default\">\n\t\t\t\t\tKategorije\t\t\t\t<\/h2>\n\t\t\t<\/div>\n\t\t\t\t\t\t<\/div>\n\t\t\t\t<\/div>\n\t\t\t\t<div class=\"elementor-element elementor-element-b19e697 elementor-widget elementor-widget-glozin-heading\" data-id=\"b19e697\" data-element_type=\"widget\" data-widget_type=\"glozin-heading.default\">\n\t\t\t\t<div class=\"elementor-widget-container\">\n\t\t\t\t\t\t\t<div class=\"glozin-heading-elementor\">\n\t\t\t\t<div class=\"glozin-heading d-flex align-items-center my-0 glozin-heading--default\">\n\t\t\t\t\tNakupujte jakne, parke, pla\u0161\u010de, flis jakne, hla\u010de, majice in \u0161e veliko ve\u010d. Narava vas \u010daka!\t\t\t\t<\/div>\n\t\t\t<\/div>\n\t\t\t\t\t\t<\/div>\n\t\t\t\t<\/div>\n\t\t\t\t\t<\/div>\n\t\t\t\t<\/div>\n\t\t<div class=\"elementor-element elementor-element-59bdcd1 e-flex e-con-boxed glozin-responsive-column glozin-tablet-column--default glozin-responsive-column glozin-mobile-column--default e-con e-parent\" data-id=\"59bdcd1\" data-element_type=\"container\">\n\t\t\t\t\t<div class=\"e-con-inner\">\n\t\t\t\t<div class=\"elementor-element elementor-element-39b27da elementor-widget elementor-widget-glozin-products-categories-grid\" data-id=\"39b27da\" data-element_type=\"widget\" data-settings=\"{&quot;columns&quot;:5,&quot;number&quot;:&quot;8&quot;,&quot;columns_tablet&quot;:3,&quot;columns_mobile&quot;:2}\" data-widget_type=\"glozin-products-categories-grid.default\">\n\t\t\t\t<div class=\"elementor-widget-container\">\n\t\t\t\t\t<div class=\"glozin-categories-grid\" style=\"--gz-ratio-percent: 134%;\">\n\t\t\t\t<div class=\"glozin-categories-grid__items d-flex\"><div class=\"glozin-categories-grid__item\">\n\t\t\t\t\t<a href=\"https:\/\/fjallravensi.dev.mortar.tovarnaidej.com\/hr\/kategorija-izdelka\/sotori\/\" class=\"gz-ratio gz-hover-zoom gz-hover-effect overflow-hidden gz-image-rounded position-relative\">\n\t\t\t\t\t\t<img decoding=\"async\" src=\"https:\/\/fjallravensi.dev.mortar.tovarnaidej.com\/wp-content\/uploads\/woocommerce-placeholder.webp\" title=\"\u0160otori\" alt=\"\u0160otori\" loading=\"lazy\"\/>\n\t\t\t\t\t\t<span class=\"glozin-categories-grid__button position-absolute bottom-15 bottom-30-md start-50 translate-middle-x z-3\">\n\t\t\t\t\t\t\t<span class=\"glozin-button gz-button gz-button-light py-17 px-20 gz-button-hover-effect\">\n\t\t\t\t\t\t\t\t<span class=\"glozin-categories-grid__text\">\u0160otori<\/span>\n\t\t\t\t\t\t\t<\/span>\n\t\t\t\t\t\t<\/span>\n\t\t\t\t\t<\/a>\n\t\t\t\t<\/div><div class=\"glozin-categories-grid__item\">\n\t\t\t\t\t<a href=\"https:\/\/fjallravensi.dev.mortar.tovarnaidej.com\/hr\/kategorija-izdelka\/torbe-in-nahrbtniki\/\" class=\"gz-ratio gz-hover-zoom gz-hover-effect overflow-hidden gz-image-rounded position-relative\">\n\t\t\t\t\t\t<img decoding=\"async\" src=\"https:\/\/fjallravensi.dev.mortar.tovarnaidej.com\/wp-content\/uploads\/woocommerce-placeholder.webp\" title=\"Torbe in nahrbtniki\" alt=\"Torbe in nahrbtniki\" loading=\"lazy\"\/>\n\t\t\t\t\t\t<span class=\"glozin-categories-grid__button position-absolute bottom-15 bottom-30-md start-50 translate-middle-x z-3\">\n\t\t\t\t\t\t\t<span class=\"glozin-button gz-button gz-button-light py-17 px-20 gz-button-hover-effect\">\n\t\t\t\t\t\t\t\t<span class=\"glozin-categories-grid__text\">Torbe in nahrbtniki<\/span>\n\t\t\t\t\t\t\t<\/span>\n\t\t\t\t\t\t<\/span>\n\t\t\t\t\t<\/a>\n\t\t\t\t<\/div><\/div>\n\t\t\t\t\n\t\t\t<\/div>\t\t\t\t<\/div>\n\t\t\t\t<\/div>\n\t\t\t\t\t<\/div>\n\t\t\t\t<\/div>\n\t\t\t\t<\/div>\n\t\t","protected":false},"excerpt":{"rendered":"<p>Kategorije Nakupujte jakne, parke, pla\u0161\u010de, flis jakne, hla\u010de, majice in \u0161e veliko ve\u010d. Narava vas \u010daka! Puloverji in topi Kape in dodatki Nahrbtniki Hla\u010de Jakne<\/p>\n","protected":false},"author":1,"featured_media":0,"parent":0,"menu_order":0,"comment_status":"closed","ping_status":"closed","template":"","meta":{"footnotes":""},"class_list":["post-1003667","page","type-page","status-publish","hentry"],"yoast_head":"<!-- This site is optimized with the Yoast SEO plugin v27.0 - https:\/\/yoast.com\/product\/yoast-seo-wordpress\/ -->\n<title>Kategorije - Fj\u00e4llr\u00e4ven<\/title>\n<meta name=\"robots\" content=\"index, follow, max-snippet:-1, max-image-preview:large, max-video-preview:-1\" \/>\n<link rel=\"canonical\" href=\"https:\/\/fjallravensi.dev.mortar.tovarnaidej.com\/all-categories\/\" \/>\n<meta property=\"og:locale\" content=\"hr_HR\" \/>\n<meta property=\"og:type\" content=\"article\" \/>\n<meta property=\"og:title\" content=\"Kategorije - Fj\u00e4llr\u00e4ven\" \/>\n<meta property=\"og:description\" content=\"Kategorije Nakupujte jakne, parke, pla\u0161\u010de, flis jakne, hla\u010de, majice in \u0161e veliko ve\u010d. Narava vas \u010daka! Puloverji in topi Kape in dodatki Nahrbtniki Hla\u010de Jakne\" \/>\n<meta property=\"og:url\" content=\"https:\/\/fjallravensi.dev.mortar.tovarnaidej.com\/all-categories\/\" \/>\n<meta property=\"og:site_name\" content=\"Fj\u00e4llr\u00e4ven\" \/>\n<meta property=\"article:publisher\" content=\"https:\/\/www.facebook.com\/FjallravenSlovenia\" \/>\n<meta property=\"article:modified_time\" content=\"2025-11-14T08:11:11+00:00\" \/>\n<meta property=\"og:image\" content=\"https:\/\/fjallshop.hr\/wp-content\/uploads\/2025\/10\/kategorija-3.png\" \/>\n<meta name=\"twitter:card\" content=\"summary_large_image\" \/>\n<script type=\"application\/ld+json\" class=\"yoast-schema-graph\">{\"@context\":\"https:\/\/schema.org\",\"@graph\":[{\"@type\":\"WebPage\",\"@id\":\"https:\/\/fjallravensi.dev.mortar.tovarnaidej.com\/all-categories\/\",\"url\":\"https:\/\/fjallravensi.dev.mortar.tovarnaidej.com\/all-categories\/\",\"name\":\"Kategorije - Fj\u00e4llr\u00e4ven\",\"isPartOf\":{\"@id\":\"https:\/\/fjallravensi.dev.mortar.tovarnaidej.com\/en\/#website\"},\"primaryImageOfPage\":{\"@id\":\"https:\/\/fjallravensi.dev.mortar.tovarnaidej.com\/all-categories\/#primaryimage\"},\"image\":{\"@id\":\"https:\/\/fjallravensi.dev.mortar.tovarnaidej.com\/all-categories\/#primaryimage\"},\"thumbnailUrl\":\"https:\/\/fjallshop.hr\/wp-content\/uploads\/2025\/10\/kategorija-3.png\",\"datePublished\":\"2025-04-08T09:28:05+00:00\",\"dateModified\":\"2025-11-14T08:11:11+00:00\",\"breadcrumb\":{\"@id\":\"https:\/\/fjallravensi.dev.mortar.tovarnaidej.com\/all-categories\/#breadcrumb\"},\"inLanguage\":\"hr\",\"potentialAction\":[{\"@type\":\"ReadAction\",\"target\":[\"https:\/\/fjallravensi.dev.mortar.tovarnaidej.com\/all-categories\/\"]}]},{\"@type\":\"ImageObject\",\"inLanguage\":\"hr\",\"@id\":\"https:\/\/fjallravensi.dev.mortar.tovarnaidej.com\/all-categories\/#primaryimage\",\"url\":\"https:\/\/fjallshop.hr\/wp-content\/uploads\/2025\/10\/kategorija-3.png\",\"contentUrl\":\"https:\/\/fjallshop.hr\/wp-content\/uploads\/2025\/10\/kategorija-3.png\"},{\"@type\":\"BreadcrumbList\",\"@id\":\"https:\/\/fjallravensi.dev.mortar.tovarnaidej.com\/all-categories\/#breadcrumb\",\"itemListElement\":[{\"@type\":\"ListItem\",\"position\":1,\"name\":\"Home\",\"item\":\"https:\/\/fjallravensi.dev.mortar.tovarnaidej.com\/hr\/\"},{\"@type\":\"ListItem\",\"position\":2,\"name\":\"Kategorije\"}]},{\"@type\":\"WebSite\",\"@id\":\"https:\/\/fjallravensi.dev.mortar.tovarnaidej.com\/en\/#website\",\"url\":\"https:\/\/fjallravensi.dev.mortar.tovarnaidej.com\/en\/\",\"name\":\"Fj\u00e4llr\u00e4ven\",\"description\":\"Spletna trgovina\",\"publisher\":{\"@id\":\"https:\/\/fjallravensi.dev.mortar.tovarnaidej.com\/en\/#organization\"},\"potentialAction\":[{\"@type\":\"SearchAction\",\"target\":{\"@type\":\"EntryPoint\",\"urlTemplate\":\"https:\/\/fjallravensi.dev.mortar.tovarnaidej.com\/en\/?s={search_term_string}\"},\"query-input\":{\"@type\":\"PropertyValueSpecification\",\"valueRequired\":true,\"valueName\":\"search_term_string\"}}],\"inLanguage\":\"hr\"},{\"@type\":\"Organization\",\"@id\":\"https:\/\/fjallravensi.dev.mortar.tovarnaidej.com\/en\/#organization\",\"name\":\"Fj\u00e4llr\u00e4ven\",\"url\":\"https:\/\/fjallravensi.dev.mortar.tovarnaidej.com\/en\/\",\"logo\":{\"@type\":\"ImageObject\",\"inLanguage\":\"hr\",\"@id\":\"https:\/\/fjallravensi.dev.mortar.tovarnaidej.com\/en\/#\/schema\/logo\/image\/\",\"url\":\"https:\/\/fjallravensi.dev.mortar.tovarnaidej.com\/wp-content\/uploads\/2026\/02\/fjallravenlogo.svg\",\"contentUrl\":\"https:\/\/fjallravensi.dev.mortar.tovarnaidej.com\/wp-content\/uploads\/2026\/02\/fjallravenlogo.svg\",\"width\":126,\"height\":46,\"caption\":\"Fj\u00e4llr\u00e4ven\"},\"image\":{\"@id\":\"https:\/\/fjallravensi.dev.mortar.tovarnaidej.com\/en\/#\/schema\/logo\/image\/\"},\"sameAs\":[\"https:\/\/www.facebook.com\/FjallravenSlovenia\"]}]}<\/script>\n<!-- \/ Yoast SEO plugin. -->","yoast_head_json":{"title":"Kategorije - Fj\u00e4llr\u00e4ven","robots":{"index":"index","follow":"follow","max-snippet":"max-snippet:-1","max-image-preview":"max-image-preview:large","max-video-preview":"max-video-preview:-1"},"canonical":"https:\/\/fjallravensi.dev.mortar.tovarnaidej.com\/all-categories\/","og_locale":"hr_HR","og_type":"article","og_title":"Kategorije - Fj\u00e4llr\u00e4ven","og_description":"Kategorije Nakupujte jakne, parke, pla\u0161\u010de, flis jakne, hla\u010de, majice in \u0161e veliko ve\u010d. Narava vas \u010daka! Puloverji in topi Kape in dodatki Nahrbtniki Hla\u010de Jakne","og_url":"https:\/\/fjallravensi.dev.mortar.tovarnaidej.com\/all-categories\/","og_site_name":"Fj\u00e4llr\u00e4ven","article_publisher":"https:\/\/www.facebook.com\/FjallravenSlovenia","article_modified_time":"2025-11-14T08:11:11+00:00","og_image":[{"url":"https:\/\/fjallshop.hr\/wp-content\/uploads\/2025\/10\/kategorija-3.png","type":"","width":"","height":""}],"twitter_card":"summary_large_image","schema":{"@context":"https:\/\/schema.org","@graph":[{"@type":"WebPage","@id":"https:\/\/fjallravensi.dev.mortar.tovarnaidej.com\/all-categories\/","url":"https:\/\/fjallravensi.dev.mortar.tovarnaidej.com\/all-categories\/","name":"Kategorije - Fj\u00e4llr\u00e4ven","isPartOf":{"@id":"https:\/\/fjallravensi.dev.mortar.tovarnaidej.com\/en\/#website"},"primaryImageOfPage":{"@id":"https:\/\/fjallravensi.dev.mortar.tovarnaidej.com\/all-categories\/#primaryimage"},"image":{"@id":"https:\/\/fjallravensi.dev.mortar.tovarnaidej.com\/all-categories\/#primaryimage"},"thumbnailUrl":"https:\/\/fjallshop.hr\/wp-content\/uploads\/2025\/10\/kategorija-3.png","datePublished":"2025-04-08T09:28:05+00:00","dateModified":"2025-11-14T08:11:11+00:00","breadcrumb":{"@id":"https:\/\/fjallravensi.dev.mortar.tovarnaidej.com\/all-categories\/#breadcrumb"},"inLanguage":"hr","potentialAction":[{"@type":"ReadAction","target":["https:\/\/fjallravensi.dev.mortar.tovarnaidej.com\/all-categories\/"]}]},{"@type":"ImageObject","inLanguage":"hr","@id":"https:\/\/fjallravensi.dev.mortar.tovarnaidej.com\/all-categories\/#primaryimage","url":"https:\/\/fjallshop.hr\/wp-content\/uploads\/2025\/10\/kategorija-3.png","contentUrl":"https:\/\/fjallshop.hr\/wp-content\/uploads\/2025\/10\/kategorija-3.png"},{"@type":"BreadcrumbList","@id":"https:\/\/fjallravensi.dev.mortar.tovarnaidej.com\/all-categories\/#breadcrumb","itemListElement":[{"@type":"ListItem","position":1,"name":"Home","item":"https:\/\/fjallravensi.dev.mortar.tovarnaidej.com\/hr\/"},{"@type":"ListItem","position":2,"name":"Kategorije"}]},{"@type":"WebSite","@id":"https:\/\/fjallravensi.dev.mortar.tovarnaidej.com\/en\/#website","url":"https:\/\/fjallravensi.dev.mortar.tovarnaidej.com\/en\/","name":"Fj\u00e4llr\u00e4ven","description":"Spletna trgovina","publisher":{"@id":"https:\/\/fjallravensi.dev.mortar.tovarnaidej.com\/en\/#organization"},"potentialAction":[{"@type":"SearchAction","target":{"@type":"EntryPoint","urlTemplate":"https:\/\/fjallravensi.dev.mortar.tovarnaidej.com\/en\/?s={search_term_string}"},"query-input":{"@type":"PropertyValueSpecification","valueRequired":true,"valueName":"search_term_string"}}],"inLanguage":"hr"},{"@type":"Organization","@id":"https:\/\/fjallravensi.dev.mortar.tovarnaidej.com\/en\/#organization","name":"Fj\u00e4llr\u00e4ven","url":"https:\/\/fjallravensi.dev.mortar.tovarnaidej.com\/en\/","logo":{"@type":"ImageObject","inLanguage":"hr","@id":"https:\/\/fjallravensi.dev.mortar.tovarnaidej.com\/en\/#\/schema\/logo\/image\/","url":"https:\/\/fjallravensi.dev.mortar.tovarnaidej.com\/wp-content\/uploads\/2026\/02\/fjallravenlogo.svg","contentUrl":"https:\/\/fjallravensi.dev.mortar.tovarnaidej.com\/wp-content\/uploads\/2026\/02\/fjallravenlogo.svg","width":126,"height":46,"caption":"Fj\u00e4llr\u00e4ven"},"image":{"@id":"https:\/\/fjallravensi.dev.mortar.tovarnaidej.com\/en\/#\/schema\/logo\/image\/"},"sameAs":["https:\/\/www.facebook.com\/FjallravenSlovenia"]}]}},"_links":{"self":[{"href":"https:\/\/fjallravensi.dev.mortar.tovarnaidej.com\/hr\/wp-json\/wp\/v2\/pages\/1003667","targetHints":{"allow":["GET"]}}],"collection":[{"href":"https:\/\/fjallravensi.dev.mortar.tovarnaidej.com\/hr\/wp-json\/wp\/v2\/pages"}],"about":[{"href":"https:\/\/fjallravensi.dev.mortar.tovarnaidej.com\/hr\/wp-json\/wp\/v2\/types\/page"}],"author":[{"embeddable":true,"href":"https:\/\/fjallravensi.dev.mortar.tovarnaidej.com\/hr\/wp-json\/wp\/v2\/users\/1"}],"replies":[{"embeddable":true,"href":"https:\/\/fjallravensi.dev.mortar.tovarnaidej.com\/hr\/wp-json\/wp\/v2\/comments?post=1003667"}],"version-history":[{"count":5,"href":"https:\/\/fjallravensi.dev.mortar.tovarnaidej.com\/hr\/wp-json\/wp\/v2\/pages\/1003667\/revisions"}],"predecessor-version":[{"id":1003713,"href":"https:\/\/fjallravensi.dev.mortar.tovarnaidej.com\/hr\/wp-json\/wp\/v2\/pages\/1003667\/revisions\/1003713"}],"wp:attachment":[{"href":"https:\/\/fjallravensi.dev.mortar.tovarnaidej.com\/hr\/wp-json\/wp\/v2\/media?parent=1003667"}],"curies":[{"name":"wp","href":"https:\/\/api.w.org\/{rel}","templated":true}]}}