{"id":1028682,"date":"2025-12-21T23:43:29","date_gmt":"2025-12-21T23:43:29","guid":{"rendered":"https:\/\/fjallravensi.dev.mortar.tovarnaidej.com\/?post_type=product&#038;p=1028682"},"modified":"2026-04-03T11:53:26","modified_gmt":"2026-04-03T11:53:26","slug":"keb-gtx-trousers-w","status":"publish","type":"product","link":"https:\/\/fjallravensi.dev.mortar.tovarnaidej.com\/en\/product\/keb-gtx-trousers-w\/","title":{"rendered":"Keb GTX Trousers W"},"content":{"rendered":"<p>GORE-TEX\u00ae je vstopil v dru\u017eino Fj\u00e4llr\u00e4ven Keb! \u017denske hla\u010de Keb GTX so izdelane z napredno Goreovo membrano na osnovi ePE, ki je trajno vodoodporna, odporna proti vetru in zra\u010dna, ter ima DWR, izdelan brez PFAS. Zasnovane so za no\u0161enje \u010dez pohodni\u0161ke hla\u010de in imajo dolge, vodoodporne dvosmerne stranske zadrge za spro\u0161\u010danje odve\u010dne toplote in poenostavitev obla\u010denja\/sezuvanja. Nastavljivi konci hla\u010dnic so oja\u010dani in imajo elasti\u010dne vrvice, kavelj\u010dke za \u010devlje in zanke za pritrditev vrvice pod \u010devljem. Popolne so za tehni\u010dne pohodni\u0161ke pustolov\u0161\u010dine. Te hla\u010de so zasnovane za popravilo, zato so narejene za vzdr\u017eevanje, ne za zamenjavo.<\/p>\n","protected":false},"excerpt":{"rendered":"<p>Tehni\u010dne GORE-TEX\u00ae hla\u010de, zasnovane za no\u0161enje \u010dez pohodni\u0161ke hla\u010de. Nepremo\u010dljive, odporne proti vetru in zra\u010dne.<\/p>\n","protected":false},"featured_media":1028695,"template":"","meta":[],"product_brand":[89],"product_cat":[69],"product_tag":[478,489,552,764,565],"class_list":{"0":"post-1028682","1":"product","2":"type-product","3":"status-publish","4":"has-post-thumbnail","6":"product_brand-keb","7":"product_cat-hlace","8":"product_tag-keb","9":"product_tag-zenske","10":"product_tag-hlace-zenske","11":"product_tag-zenske-nepremocljive-hlace","12":"product_tag-hlace-zenske-treking","14":"first","15":"outofstock","16":"shipping-taxable","17":"purchasable","18":"product-type-variable"},"yoast_head":"<!-- This site is optimized with the Yoast SEO plugin v27.0 - https:\/\/yoast.com\/product\/yoast-seo-wordpress\/ -->\n<title>Keb GTX Trousers W - Fj\u00e4llr\u00e4ven<\/title>\n<meta name=\"robots\" content=\"index, follow, max-snippet:-1, max-image-preview:large, max-video-preview:-1\" \/>\n<link rel=\"canonical\" href=\"https:\/\/fjallravensi.dev.mortar.tovarnaidej.com\/izdelek\/keb-gtx-trousers-w\/\" \/>\n<meta property=\"og:locale\" content=\"en_US\" \/>\n<meta property=\"og:type\" content=\"article\" \/>\n<meta property=\"og:title\" content=\"Keb GTX Trousers W - Fj\u00e4llr\u00e4ven\" \/>\n<meta property=\"og:description\" content=\"Tehni\u010dne GORE-TEX\u00ae hla\u010de, zasnovane za no\u0161enje \u010dez pohodni\u0161ke hla\u010de. Nepremo\u010dljive, odporne proti vetru in zra\u010dne.\" \/>\n<meta property=\"og:url\" content=\"https:\/\/fjallravensi.dev.mortar.tovarnaidej.com\/izdelek\/keb-gtx-trousers-w\/\" \/>\n<meta property=\"og:site_name\" content=\"Fj\u00e4llr\u00e4ven\" \/>\n<meta property=\"article:publisher\" content=\"https:\/\/www.facebook.com\/FjallravenSlovenia\" \/>\n<meta property=\"article:modified_time\" content=\"2026-04-03T11:53:26+00:00\" \/>\n<meta property=\"og:image\" content=\"https:\/\/fjallravensi.dev.mortar.tovarnaidej.com\/wp-content\/uploads\/2025\/12\/keb_gtx_trousers_w_14200209-550_a_main.webp\" \/>\n\t<meta property=\"og:image:width\" content=\"1248\" \/>\n\t<meta property=\"og:image:height\" content=\"1248\" \/>\n\t<meta property=\"og:image:type\" content=\"image\/webp\" \/>\n<meta name=\"twitter:card\" content=\"summary_large_image\" \/>\n<meta name=\"twitter:label1\" content=\"Est. reading time\" \/>\n\t<meta name=\"twitter:data1\" content=\"1 minute\" \/>\n<script type=\"application\/ld+json\" class=\"yoast-schema-graph\">{\"@context\":\"https:\/\/schema.org\",\"@graph\":[{\"@type\":\"WebPage\",\"@id\":\"https:\/\/fjallravensi.dev.mortar.tovarnaidej.com\/izdelek\/keb-gtx-trousers-w\/\",\"url\":\"https:\/\/fjallravensi.dev.mortar.tovarnaidej.com\/izdelek\/keb-gtx-trousers-w\/\",\"name\":\"Keb GTX Trousers W - Fj\u00e4llr\u00e4ven\",\"isPartOf\":{\"@id\":\"https:\/\/fjallravensi.dev.mortar.tovarnaidej.com\/en\/#website\"},\"primaryImageOfPage\":{\"@id\":\"https:\/\/fjallravensi.dev.mortar.tovarnaidej.com\/izdelek\/keb-gtx-trousers-w\/#primaryimage\"},\"image\":{\"@id\":\"https:\/\/fjallravensi.dev.mortar.tovarnaidej.com\/izdelek\/keb-gtx-trousers-w\/#primaryimage\"},\"thumbnailUrl\":\"https:\/\/fjallravensi.dev.mortar.tovarnaidej.com\/wp-content\/uploads\/2025\/12\/keb_gtx_trousers_w_14200209-550_a_main.webp\",\"datePublished\":\"2025-12-21T23:43:29+00:00\",\"dateModified\":\"2026-04-03T11:53:26+00:00\",\"breadcrumb\":{\"@id\":\"https:\/\/fjallravensi.dev.mortar.tovarnaidej.com\/izdelek\/keb-gtx-trousers-w\/#breadcrumb\"},\"inLanguage\":\"en-US\",\"potentialAction\":[{\"@type\":\"ReadAction\",\"target\":[\"https:\/\/fjallravensi.dev.mortar.tovarnaidej.com\/izdelek\/keb-gtx-trousers-w\/\"]}]},{\"@type\":\"ImageObject\",\"inLanguage\":\"en-US\",\"@id\":\"https:\/\/fjallravensi.dev.mortar.tovarnaidej.com\/izdelek\/keb-gtx-trousers-w\/#primaryimage\",\"url\":\"https:\/\/fjallravensi.dev.mortar.tovarnaidej.com\/wp-content\/uploads\/2025\/12\/keb_gtx_trousers_w_14200209-550_a_main.webp\",\"contentUrl\":\"https:\/\/fjallravensi.dev.mortar.tovarnaidej.com\/wp-content\/uploads\/2025\/12\/keb_gtx_trousers_w_14200209-550_a_main.webp\",\"width\":1248,\"height\":1248},{\"@type\":\"BreadcrumbList\",\"@id\":\"https:\/\/fjallravensi.dev.mortar.tovarnaidej.com\/izdelek\/keb-gtx-trousers-w\/#breadcrumb\",\"itemListElement\":[{\"@type\":\"ListItem\",\"position\":1,\"name\":\"Home\",\"item\":\"https:\/\/fjallravensi.dev.mortar.tovarnaidej.com\/\"},{\"@type\":\"ListItem\",\"position\":2,\"name\":\"Shop\",\"item\":\"https:\/\/fjallravensi.dev.mortar.tovarnaidej.com\/en\/shop\/\"},{\"@type\":\"ListItem\",\"position\":3,\"name\":\"Keb GTX Trousers W\"}]},{\"@type\":\"WebSite\",\"@id\":\"https:\/\/fjallravensi.dev.mortar.tovarnaidej.com\/en\/#website\",\"url\":\"https:\/\/fjallravensi.dev.mortar.tovarnaidej.com\/en\/\",\"name\":\"Fj\u00e4llr\u00e4ven\",\"description\":\"Spletna trgovina\",\"publisher\":{\"@id\":\"https:\/\/fjallravensi.dev.mortar.tovarnaidej.com\/en\/#organization\"},\"potentialAction\":[{\"@type\":\"SearchAction\",\"target\":{\"@type\":\"EntryPoint\",\"urlTemplate\":\"https:\/\/fjallravensi.dev.mortar.tovarnaidej.com\/en\/?s={search_term_string}\"},\"query-input\":{\"@type\":\"PropertyValueSpecification\",\"valueRequired\":true,\"valueName\":\"search_term_string\"}}],\"inLanguage\":\"en-US\"},{\"@type\":\"Organization\",\"@id\":\"https:\/\/fjallravensi.dev.mortar.tovarnaidej.com\/en\/#organization\",\"name\":\"Fj\u00e4llr\u00e4ven\",\"url\":\"https:\/\/fjallravensi.dev.mortar.tovarnaidej.com\/en\/\",\"logo\":{\"@type\":\"ImageObject\",\"inLanguage\":\"en-US\",\"@id\":\"https:\/\/fjallravensi.dev.mortar.tovarnaidej.com\/en\/#\/schema\/logo\/image\/\",\"url\":\"https:\/\/fjallravensi.dev.mortar.tovarnaidej.com\/wp-content\/uploads\/2026\/02\/fjallravenlogo.svg\",\"contentUrl\":\"https:\/\/fjallravensi.dev.mortar.tovarnaidej.com\/wp-content\/uploads\/2026\/02\/fjallravenlogo.svg\",\"width\":126,\"height\":46,\"caption\":\"Fj\u00e4llr\u00e4ven\"},\"image\":{\"@id\":\"https:\/\/fjallravensi.dev.mortar.tovarnaidej.com\/en\/#\/schema\/logo\/image\/\"},\"sameAs\":[\"https:\/\/www.facebook.com\/FjallravenSlovenia\"]}]}<\/script>\n<!-- \/ Yoast SEO plugin. -->","yoast_head_json":{"title":"Keb GTX Trousers W - Fj\u00e4llr\u00e4ven","robots":{"index":"index","follow":"follow","max-snippet":"max-snippet:-1","max-image-preview":"max-image-preview:large","max-video-preview":"max-video-preview:-1"},"canonical":"https:\/\/fjallravensi.dev.mortar.tovarnaidej.com\/izdelek\/keb-gtx-trousers-w\/","og_locale":"en_US","og_type":"article","og_title":"Keb GTX Trousers W - Fj\u00e4llr\u00e4ven","og_description":"Tehni\u010dne GORE-TEX\u00ae hla\u010de, zasnovane za no\u0161enje \u010dez pohodni\u0161ke hla\u010de. Nepremo\u010dljive, odporne proti vetru in zra\u010dne.","og_url":"https:\/\/fjallravensi.dev.mortar.tovarnaidej.com\/izdelek\/keb-gtx-trousers-w\/","og_site_name":"Fj\u00e4llr\u00e4ven","article_publisher":"https:\/\/www.facebook.com\/FjallravenSlovenia","article_modified_time":"2026-04-03T11:53:26+00:00","og_image":[{"width":1248,"height":1248,"url":"https:\/\/fjallravensi.dev.mortar.tovarnaidej.com\/wp-content\/uploads\/2025\/12\/keb_gtx_trousers_w_14200209-550_a_main.webp","type":"image\/webp"}],"twitter_card":"summary_large_image","twitter_misc":{"Est. reading time":"1 minute"},"schema":{"@context":"https:\/\/schema.org","@graph":[{"@type":"WebPage","@id":"https:\/\/fjallravensi.dev.mortar.tovarnaidej.com\/izdelek\/keb-gtx-trousers-w\/","url":"https:\/\/fjallravensi.dev.mortar.tovarnaidej.com\/izdelek\/keb-gtx-trousers-w\/","name":"Keb GTX Trousers W - Fj\u00e4llr\u00e4ven","isPartOf":{"@id":"https:\/\/fjallravensi.dev.mortar.tovarnaidej.com\/en\/#website"},"primaryImageOfPage":{"@id":"https:\/\/fjallravensi.dev.mortar.tovarnaidej.com\/izdelek\/keb-gtx-trousers-w\/#primaryimage"},"image":{"@id":"https:\/\/fjallravensi.dev.mortar.tovarnaidej.com\/izdelek\/keb-gtx-trousers-w\/#primaryimage"},"thumbnailUrl":"https:\/\/fjallravensi.dev.mortar.tovarnaidej.com\/wp-content\/uploads\/2025\/12\/keb_gtx_trousers_w_14200209-550_a_main.webp","datePublished":"2025-12-21T23:43:29+00:00","dateModified":"2026-04-03T11:53:26+00:00","breadcrumb":{"@id":"https:\/\/fjallravensi.dev.mortar.tovarnaidej.com\/izdelek\/keb-gtx-trousers-w\/#breadcrumb"},"inLanguage":"en-US","potentialAction":[{"@type":"ReadAction","target":["https:\/\/fjallravensi.dev.mortar.tovarnaidej.com\/izdelek\/keb-gtx-trousers-w\/"]}]},{"@type":"ImageObject","inLanguage":"en-US","@id":"https:\/\/fjallravensi.dev.mortar.tovarnaidej.com\/izdelek\/keb-gtx-trousers-w\/#primaryimage","url":"https:\/\/fjallravensi.dev.mortar.tovarnaidej.com\/wp-content\/uploads\/2025\/12\/keb_gtx_trousers_w_14200209-550_a_main.webp","contentUrl":"https:\/\/fjallravensi.dev.mortar.tovarnaidej.com\/wp-content\/uploads\/2025\/12\/keb_gtx_trousers_w_14200209-550_a_main.webp","width":1248,"height":1248},{"@type":"BreadcrumbList","@id":"https:\/\/fjallravensi.dev.mortar.tovarnaidej.com\/izdelek\/keb-gtx-trousers-w\/#breadcrumb","itemListElement":[{"@type":"ListItem","position":1,"name":"Home","item":"https:\/\/fjallravensi.dev.mortar.tovarnaidej.com\/"},{"@type":"ListItem","position":2,"name":"Shop","item":"https:\/\/fjallravensi.dev.mortar.tovarnaidej.com\/en\/shop\/"},{"@type":"ListItem","position":3,"name":"Keb GTX Trousers W"}]},{"@type":"WebSite","@id":"https:\/\/fjallravensi.dev.mortar.tovarnaidej.com\/en\/#website","url":"https:\/\/fjallravensi.dev.mortar.tovarnaidej.com\/en\/","name":"Fj\u00e4llr\u00e4ven","description":"Spletna trgovina","publisher":{"@id":"https:\/\/fjallravensi.dev.mortar.tovarnaidej.com\/en\/#organization"},"potentialAction":[{"@type":"SearchAction","target":{"@type":"EntryPoint","urlTemplate":"https:\/\/fjallravensi.dev.mortar.tovarnaidej.com\/en\/?s={search_term_string}"},"query-input":{"@type":"PropertyValueSpecification","valueRequired":true,"valueName":"search_term_string"}}],"inLanguage":"en-US"},{"@type":"Organization","@id":"https:\/\/fjallravensi.dev.mortar.tovarnaidej.com\/en\/#organization","name":"Fj\u00e4llr\u00e4ven","url":"https:\/\/fjallravensi.dev.mortar.tovarnaidej.com\/en\/","logo":{"@type":"ImageObject","inLanguage":"en-US","@id":"https:\/\/fjallravensi.dev.mortar.tovarnaidej.com\/en\/#\/schema\/logo\/image\/","url":"https:\/\/fjallravensi.dev.mortar.tovarnaidej.com\/wp-content\/uploads\/2026\/02\/fjallravenlogo.svg","contentUrl":"https:\/\/fjallravensi.dev.mortar.tovarnaidej.com\/wp-content\/uploads\/2026\/02\/fjallravenlogo.svg","width":126,"height":46,"caption":"Fj\u00e4llr\u00e4ven"},"image":{"@id":"https:\/\/fjallravensi.dev.mortar.tovarnaidej.com\/en\/#\/schema\/logo\/image\/"},"sameAs":["https:\/\/www.facebook.com\/FjallravenSlovenia"]}]}},"_links":{"self":[{"href":"https:\/\/fjallravensi.dev.mortar.tovarnaidej.com\/en\/wp-json\/wp\/v2\/product\/1028682","targetHints":{"allow":["GET"]}}],"collection":[{"href":"https:\/\/fjallravensi.dev.mortar.tovarnaidej.com\/en\/wp-json\/wp\/v2\/product"}],"about":[{"href":"https:\/\/fjallravensi.dev.mortar.tovarnaidej.com\/en\/wp-json\/wp\/v2\/types\/product"}],"version-history":[{"count":1,"href":"https:\/\/fjallravensi.dev.mortar.tovarnaidej.com\/en\/wp-json\/wp\/v2\/product\/1028682\/revisions"}],"predecessor-version":[{"id":1028691,"href":"https:\/\/fjallravensi.dev.mortar.tovarnaidej.com\/en\/wp-json\/wp\/v2\/product\/1028682\/revisions\/1028691"}],"wp:featuredmedia":[{"embeddable":true,"href":"https:\/\/fjallravensi.dev.mortar.tovarnaidej.com\/en\/wp-json\/wp\/v2\/media\/1028695"}],"wp:attachment":[{"href":"https:\/\/fjallravensi.dev.mortar.tovarnaidej.com\/en\/wp-json\/wp\/v2\/media?parent=1028682"}],"wp:term":[{"taxonomy":"product_brand","embeddable":true,"href":"https:\/\/fjallravensi.dev.mortar.tovarnaidej.com\/en\/wp-json\/wp\/v2\/product_brand?post=1028682"},{"taxonomy":"product_cat","embeddable":true,"href":"https:\/\/fjallravensi.dev.mortar.tovarnaidej.com\/en\/wp-json\/wp\/v2\/product_cat?post=1028682"},{"taxonomy":"product_tag","embeddable":true,"href":"https:\/\/fjallravensi.dev.mortar.tovarnaidej.com\/en\/wp-json\/wp\/v2\/product_tag?post=1028682"}],"curies":[{"name":"wp","href":"https:\/\/api.w.org\/{rel}","templated":true}]}}