{"id":1027356,"date":"2025-12-21T23:38:33","date_gmt":"2025-12-21T23:38:33","guid":{"rendered":"https:\/\/fjallravensi.dev.mortar.tovarnaidej.com\/?post_type=product&#038;p=1027356"},"modified":"2026-03-09T13:25:05","modified_gmt":"2026-03-09T13:25:05","slug":"vidda-pro-ventilated-trs-w-reg","status":"publish","type":"product","link":"https:\/\/fjallravensi.dev.mortar.tovarnaidej.com\/en\/product\/vidda-pro-ventilated-trs-w-reg\/","title":{"rendered":"Vidda Pro Ventilated Trs W Reg"},"content":{"rendered":"<p>Trpe\u017ene pohodni\u0161ke hla\u010de s tehni\u010dnimi lastnostmi, izdelane iz vetrovno in vodoodpornega materiala G-1000. Model temelji na na\u0161i najbolje prodajani razli\u010dici Vidda Pro, vendar ima izbolj\u0161ane mo\u017enosti prezra\u010devanja in nov, nekoliko o\u017eji kroj, ki \u0161e vedno zagotavlja veliko svobode gibanja. Gumbe za nastavitev trakov na koncih hla\u010dnic je mogo\u010de odstraniti, na voljo pa so tudi \u0161tevilni prakti\u010dni \u017eepi in detajli \u2013 na primer \u017eep za no\u017e na desni hla\u010dnici in zanka za sekiro ob strani pasu. OPOMBA: ta model ima obi\u010dajno dol\u017eino hla\u010dnic. Na voljo tudi v 5 cm kraj\u0161i razli\u010dici (\u0161t. artikla 89330S).<\/p>\n","protected":false},"excerpt":{"rendered":"<p>Izjemno trpe\u017ene, udobne, tehni\u010dne pohodne hla\u010de, izdelane iz ekolo\u0161kega materiala G-1000 Eco, ki zadr\u017euje vodo in veter.<\/p>\n","protected":false},"featured_media":1027371,"template":"","meta":[],"product_brand":[461],"product_cat":[69],"product_tag":[469,488,489,552,565],"class_list":{"0":"post-1027356","1":"product","2":"type-product","3":"status-publish","4":"has-post-thumbnail","6":"product_brand-singi","7":"product_cat-hlace","8":"product_tag-hlace","9":"product_tag-singi","10":"product_tag-zenske","11":"product_tag-hlace-zenske","12":"product_tag-hlace-zenske-treking","14":"first","15":"outofstock","16":"shipping-taxable","17":"purchasable","18":"product-type-variable"},"yoast_head":"<!-- This site is optimized with the Yoast SEO plugin v27.0 - https:\/\/yoast.com\/product\/yoast-seo-wordpress\/ -->\n<title>Vidda Pro Ventilated Trs W Reg - Fj\u00e4llr\u00e4ven<\/title>\n<meta name=\"robots\" content=\"index, follow, max-snippet:-1, max-image-preview:large, max-video-preview:-1\" \/>\n<link rel=\"canonical\" href=\"https:\/\/fjallravensi.dev.mortar.tovarnaidej.com\/izdelek\/vidda-pro-ventilated-trs-w-reg\/\" \/>\n<meta property=\"og:locale\" content=\"en_US\" \/>\n<meta property=\"og:type\" content=\"article\" \/>\n<meta property=\"og:title\" content=\"Vidda Pro Ventilated Trs W Reg - Fj\u00e4llr\u00e4ven\" \/>\n<meta property=\"og:description\" content=\"Izjemno trpe\u017ene, udobne, tehni\u010dne pohodne hla\u010de, izdelane iz ekolo\u0161kega materiala G-1000 Eco, ki zadr\u017euje vodo in veter.\" \/>\n<meta property=\"og:url\" content=\"https:\/\/fjallravensi.dev.mortar.tovarnaidej.com\/izdelek\/vidda-pro-ventilated-trs-w-reg\/\" \/>\n<meta property=\"og:site_name\" content=\"Fj\u00e4llr\u00e4ven\" \/>\n<meta property=\"article:publisher\" content=\"https:\/\/www.facebook.com\/FjallravenSlovenia\" \/>\n<meta property=\"article:modified_time\" content=\"2026-03-09T13:25:05+00:00\" \/>\n<meta property=\"og:image\" content=\"https:\/\/fjallravensi.dev.mortar.tovarnaidej.com\/wp-content\/uploads\/2025\/12\/7323450529093_FW19_fvra_vidda_pro_ventilated_trs_w_fjaellraeven_21.jpg\" \/>\n\t<meta property=\"og:image:width\" content=\"600\" \/>\n\t<meta property=\"og:image:height\" content=\"600\" \/>\n\t<meta property=\"og:image:type\" content=\"image\/jpeg\" \/>\n<meta name=\"twitter:card\" content=\"summary_large_image\" \/>\n<meta name=\"twitter:label1\" content=\"Est. reading time\" \/>\n\t<meta name=\"twitter:data1\" content=\"1 minute\" \/>\n<script type=\"application\/ld+json\" class=\"yoast-schema-graph\">{\"@context\":\"https:\/\/schema.org\",\"@graph\":[{\"@type\":\"WebPage\",\"@id\":\"https:\/\/fjallravensi.dev.mortar.tovarnaidej.com\/izdelek\/vidda-pro-ventilated-trs-w-reg\/\",\"url\":\"https:\/\/fjallravensi.dev.mortar.tovarnaidej.com\/izdelek\/vidda-pro-ventilated-trs-w-reg\/\",\"name\":\"Vidda Pro Ventilated Trs W Reg - Fj\u00e4llr\u00e4ven\",\"isPartOf\":{\"@id\":\"https:\/\/fjallravensi.dev.mortar.tovarnaidej.com\/en\/#website\"},\"primaryImageOfPage\":{\"@id\":\"https:\/\/fjallravensi.dev.mortar.tovarnaidej.com\/izdelek\/vidda-pro-ventilated-trs-w-reg\/#primaryimage\"},\"image\":{\"@id\":\"https:\/\/fjallravensi.dev.mortar.tovarnaidej.com\/izdelek\/vidda-pro-ventilated-trs-w-reg\/#primaryimage\"},\"thumbnailUrl\":\"https:\/\/fjallravensi.dev.mortar.tovarnaidej.com\/wp-content\/uploads\/2025\/12\/7323450529093_FW19_fvra_vidda_pro_ventilated_trs_w_fjaellraeven_21.jpg\",\"datePublished\":\"2025-12-21T23:38:33+00:00\",\"dateModified\":\"2026-03-09T13:25:05+00:00\",\"breadcrumb\":{\"@id\":\"https:\/\/fjallravensi.dev.mortar.tovarnaidej.com\/izdelek\/vidda-pro-ventilated-trs-w-reg\/#breadcrumb\"},\"inLanguage\":\"en-US\",\"potentialAction\":[{\"@type\":\"ReadAction\",\"target\":[\"https:\/\/fjallravensi.dev.mortar.tovarnaidej.com\/izdelek\/vidda-pro-ventilated-trs-w-reg\/\"]}]},{\"@type\":\"ImageObject\",\"inLanguage\":\"en-US\",\"@id\":\"https:\/\/fjallravensi.dev.mortar.tovarnaidej.com\/izdelek\/vidda-pro-ventilated-trs-w-reg\/#primaryimage\",\"url\":\"https:\/\/fjallravensi.dev.mortar.tovarnaidej.com\/wp-content\/uploads\/2025\/12\/7323450529093_FW19_fvra_vidda_pro_ventilated_trs_w_fjaellraeven_21.jpg\",\"contentUrl\":\"https:\/\/fjallravensi.dev.mortar.tovarnaidej.com\/wp-content\/uploads\/2025\/12\/7323450529093_FW19_fvra_vidda_pro_ventilated_trs_w_fjaellraeven_21.jpg\",\"width\":600,\"height\":600},{\"@type\":\"BreadcrumbList\",\"@id\":\"https:\/\/fjallravensi.dev.mortar.tovarnaidej.com\/izdelek\/vidda-pro-ventilated-trs-w-reg\/#breadcrumb\",\"itemListElement\":[{\"@type\":\"ListItem\",\"position\":1,\"name\":\"Home\",\"item\":\"https:\/\/fjallravensi.dev.mortar.tovarnaidej.com\/\"},{\"@type\":\"ListItem\",\"position\":2,\"name\":\"Shop\",\"item\":\"https:\/\/fjallravensi.dev.mortar.tovarnaidej.com\/en\/shop\/\"},{\"@type\":\"ListItem\",\"position\":3,\"name\":\"Vidda Pro Ventilated Trs W Reg\"}]},{\"@type\":\"WebSite\",\"@id\":\"https:\/\/fjallravensi.dev.mortar.tovarnaidej.com\/en\/#website\",\"url\":\"https:\/\/fjallravensi.dev.mortar.tovarnaidej.com\/en\/\",\"name\":\"Fj\u00e4llr\u00e4ven\",\"description\":\"Spletna trgovina\",\"publisher\":{\"@id\":\"https:\/\/fjallravensi.dev.mortar.tovarnaidej.com\/en\/#organization\"},\"potentialAction\":[{\"@type\":\"SearchAction\",\"target\":{\"@type\":\"EntryPoint\",\"urlTemplate\":\"https:\/\/fjallravensi.dev.mortar.tovarnaidej.com\/en\/?s={search_term_string}\"},\"query-input\":{\"@type\":\"PropertyValueSpecification\",\"valueRequired\":true,\"valueName\":\"search_term_string\"}}],\"inLanguage\":\"en-US\"},{\"@type\":\"Organization\",\"@id\":\"https:\/\/fjallravensi.dev.mortar.tovarnaidej.com\/en\/#organization\",\"name\":\"Fj\u00e4llr\u00e4ven\",\"url\":\"https:\/\/fjallravensi.dev.mortar.tovarnaidej.com\/en\/\",\"logo\":{\"@type\":\"ImageObject\",\"inLanguage\":\"en-US\",\"@id\":\"https:\/\/fjallravensi.dev.mortar.tovarnaidej.com\/en\/#\/schema\/logo\/image\/\",\"url\":\"https:\/\/fjallravensi.dev.mortar.tovarnaidej.com\/wp-content\/uploads\/2026\/02\/fjallravenlogo.svg\",\"contentUrl\":\"https:\/\/fjallravensi.dev.mortar.tovarnaidej.com\/wp-content\/uploads\/2026\/02\/fjallravenlogo.svg\",\"width\":126,\"height\":46,\"caption\":\"Fj\u00e4llr\u00e4ven\"},\"image\":{\"@id\":\"https:\/\/fjallravensi.dev.mortar.tovarnaidej.com\/en\/#\/schema\/logo\/image\/\"},\"sameAs\":[\"https:\/\/www.facebook.com\/FjallravenSlovenia\"]}]}<\/script>\n<!-- \/ Yoast SEO plugin. -->","yoast_head_json":{"title":"Vidda Pro Ventilated Trs W Reg - Fj\u00e4llr\u00e4ven","robots":{"index":"index","follow":"follow","max-snippet":"max-snippet:-1","max-image-preview":"max-image-preview:large","max-video-preview":"max-video-preview:-1"},"canonical":"https:\/\/fjallravensi.dev.mortar.tovarnaidej.com\/izdelek\/vidda-pro-ventilated-trs-w-reg\/","og_locale":"en_US","og_type":"article","og_title":"Vidda Pro Ventilated Trs W Reg - Fj\u00e4llr\u00e4ven","og_description":"Izjemno trpe\u017ene, udobne, tehni\u010dne pohodne hla\u010de, izdelane iz ekolo\u0161kega materiala G-1000 Eco, ki zadr\u017euje vodo in veter.","og_url":"https:\/\/fjallravensi.dev.mortar.tovarnaidej.com\/izdelek\/vidda-pro-ventilated-trs-w-reg\/","og_site_name":"Fj\u00e4llr\u00e4ven","article_publisher":"https:\/\/www.facebook.com\/FjallravenSlovenia","article_modified_time":"2026-03-09T13:25:05+00:00","og_image":[{"width":600,"height":600,"url":"https:\/\/fjallravensi.dev.mortar.tovarnaidej.com\/wp-content\/uploads\/2025\/12\/7323450529093_FW19_fvra_vidda_pro_ventilated_trs_w_fjaellraeven_21.jpg","type":"image\/jpeg"}],"twitter_card":"summary_large_image","twitter_misc":{"Est. reading time":"1 minute"},"schema":{"@context":"https:\/\/schema.org","@graph":[{"@type":"WebPage","@id":"https:\/\/fjallravensi.dev.mortar.tovarnaidej.com\/izdelek\/vidda-pro-ventilated-trs-w-reg\/","url":"https:\/\/fjallravensi.dev.mortar.tovarnaidej.com\/izdelek\/vidda-pro-ventilated-trs-w-reg\/","name":"Vidda Pro Ventilated Trs W Reg - Fj\u00e4llr\u00e4ven","isPartOf":{"@id":"https:\/\/fjallravensi.dev.mortar.tovarnaidej.com\/en\/#website"},"primaryImageOfPage":{"@id":"https:\/\/fjallravensi.dev.mortar.tovarnaidej.com\/izdelek\/vidda-pro-ventilated-trs-w-reg\/#primaryimage"},"image":{"@id":"https:\/\/fjallravensi.dev.mortar.tovarnaidej.com\/izdelek\/vidda-pro-ventilated-trs-w-reg\/#primaryimage"},"thumbnailUrl":"https:\/\/fjallravensi.dev.mortar.tovarnaidej.com\/wp-content\/uploads\/2025\/12\/7323450529093_FW19_fvra_vidda_pro_ventilated_trs_w_fjaellraeven_21.jpg","datePublished":"2025-12-21T23:38:33+00:00","dateModified":"2026-03-09T13:25:05+00:00","breadcrumb":{"@id":"https:\/\/fjallravensi.dev.mortar.tovarnaidej.com\/izdelek\/vidda-pro-ventilated-trs-w-reg\/#breadcrumb"},"inLanguage":"en-US","potentialAction":[{"@type":"ReadAction","target":["https:\/\/fjallravensi.dev.mortar.tovarnaidej.com\/izdelek\/vidda-pro-ventilated-trs-w-reg\/"]}]},{"@type":"ImageObject","inLanguage":"en-US","@id":"https:\/\/fjallravensi.dev.mortar.tovarnaidej.com\/izdelek\/vidda-pro-ventilated-trs-w-reg\/#primaryimage","url":"https:\/\/fjallravensi.dev.mortar.tovarnaidej.com\/wp-content\/uploads\/2025\/12\/7323450529093_FW19_fvra_vidda_pro_ventilated_trs_w_fjaellraeven_21.jpg","contentUrl":"https:\/\/fjallravensi.dev.mortar.tovarnaidej.com\/wp-content\/uploads\/2025\/12\/7323450529093_FW19_fvra_vidda_pro_ventilated_trs_w_fjaellraeven_21.jpg","width":600,"height":600},{"@type":"BreadcrumbList","@id":"https:\/\/fjallravensi.dev.mortar.tovarnaidej.com\/izdelek\/vidda-pro-ventilated-trs-w-reg\/#breadcrumb","itemListElement":[{"@type":"ListItem","position":1,"name":"Home","item":"https:\/\/fjallravensi.dev.mortar.tovarnaidej.com\/"},{"@type":"ListItem","position":2,"name":"Shop","item":"https:\/\/fjallravensi.dev.mortar.tovarnaidej.com\/en\/shop\/"},{"@type":"ListItem","position":3,"name":"Vidda Pro Ventilated Trs W Reg"}]},{"@type":"WebSite","@id":"https:\/\/fjallravensi.dev.mortar.tovarnaidej.com\/en\/#website","url":"https:\/\/fjallravensi.dev.mortar.tovarnaidej.com\/en\/","name":"Fj\u00e4llr\u00e4ven","description":"Spletna trgovina","publisher":{"@id":"https:\/\/fjallravensi.dev.mortar.tovarnaidej.com\/en\/#organization"},"potentialAction":[{"@type":"SearchAction","target":{"@type":"EntryPoint","urlTemplate":"https:\/\/fjallravensi.dev.mortar.tovarnaidej.com\/en\/?s={search_term_string}"},"query-input":{"@type":"PropertyValueSpecification","valueRequired":true,"valueName":"search_term_string"}}],"inLanguage":"en-US"},{"@type":"Organization","@id":"https:\/\/fjallravensi.dev.mortar.tovarnaidej.com\/en\/#organization","name":"Fj\u00e4llr\u00e4ven","url":"https:\/\/fjallravensi.dev.mortar.tovarnaidej.com\/en\/","logo":{"@type":"ImageObject","inLanguage":"en-US","@id":"https:\/\/fjallravensi.dev.mortar.tovarnaidej.com\/en\/#\/schema\/logo\/image\/","url":"https:\/\/fjallravensi.dev.mortar.tovarnaidej.com\/wp-content\/uploads\/2026\/02\/fjallravenlogo.svg","contentUrl":"https:\/\/fjallravensi.dev.mortar.tovarnaidej.com\/wp-content\/uploads\/2026\/02\/fjallravenlogo.svg","width":126,"height":46,"caption":"Fj\u00e4llr\u00e4ven"},"image":{"@id":"https:\/\/fjallravensi.dev.mortar.tovarnaidej.com\/en\/#\/schema\/logo\/image\/"},"sameAs":["https:\/\/www.facebook.com\/FjallravenSlovenia"]}]}},"_links":{"self":[{"href":"https:\/\/fjallravensi.dev.mortar.tovarnaidej.com\/en\/wp-json\/wp\/v2\/product\/1027356","targetHints":{"allow":["GET"]}}],"collection":[{"href":"https:\/\/fjallravensi.dev.mortar.tovarnaidej.com\/en\/wp-json\/wp\/v2\/product"}],"about":[{"href":"https:\/\/fjallravensi.dev.mortar.tovarnaidej.com\/en\/wp-json\/wp\/v2\/types\/product"}],"version-history":[{"count":1,"href":"https:\/\/fjallravensi.dev.mortar.tovarnaidej.com\/en\/wp-json\/wp\/v2\/product\/1027356\/revisions"}],"predecessor-version":[{"id":1027370,"href":"https:\/\/fjallravensi.dev.mortar.tovarnaidej.com\/en\/wp-json\/wp\/v2\/product\/1027356\/revisions\/1027370"}],"wp:featuredmedia":[{"embeddable":true,"href":"https:\/\/fjallravensi.dev.mortar.tovarnaidej.com\/en\/wp-json\/wp\/v2\/media\/1027371"}],"wp:attachment":[{"href":"https:\/\/fjallravensi.dev.mortar.tovarnaidej.com\/en\/wp-json\/wp\/v2\/media?parent=1027356"}],"wp:term":[{"taxonomy":"product_brand","embeddable":true,"href":"https:\/\/fjallravensi.dev.mortar.tovarnaidej.com\/en\/wp-json\/wp\/v2\/product_brand?post=1027356"},{"taxonomy":"product_cat","embeddable":true,"href":"https:\/\/fjallravensi.dev.mortar.tovarnaidej.com\/en\/wp-json\/wp\/v2\/product_cat?post=1027356"},{"taxonomy":"product_tag","embeddable":true,"href":"https:\/\/fjallravensi.dev.mortar.tovarnaidej.com\/en\/wp-json\/wp\/v2\/product_tag?post=1027356"}],"curies":[{"name":"wp","href":"https:\/\/api.w.org\/{rel}","templated":true}]}}