{"id":1027299,"date":"2025-12-21T23:38:18","date_gmt":"2025-12-21T23:38:18","guid":{"rendered":"https:\/\/fjallravensi.dev.mortar.tovarnaidej.com\/?post_type=product&#038;p=1027299"},"modified":"2026-03-09T13:25:05","modified_gmt":"2026-03-09T13:25:05","slug":"keb-52","status":"publish","type":"product","link":"https:\/\/fjallravensi.dev.mortar.tovarnaidej.com\/en\/product\/keb-52\/","title":{"rendered":"Keb 52"},"content":{"rendered":"<p>Ergonomski robusten nahrbtnik za celoletno uporabo. Ima nagrajeno leseno ogrodje Fj\u00e4llr\u00e4ven in trpe\u017ene, trajnostne materiale, ki bodo zdr\u017eali dolga leta pustolov\u0161\u010din na neravnem terenu. Tanek profil omogo\u010da svobodo gibanja, dobro na\u010drtovani predali pa olaj\u0161ajo organizacijo opreme \u2013 na primer sprednji \u017eep s prostorom za oja\u010ditvene plasti ali majhno lopato. Sistem no\u0161enja je zasnovan tako, da porazdeli te\u017eke obremenitve in ga je mogo\u010de enostavno prilagoditi razli\u010dnim dol\u017einam hrbta.<\/p>\n","protected":false},"excerpt":{"rendered":"<p>Ergonomi\u010dno zasnovan, robusten nahrbtnik za uporabo skozi vse leto.<\/p>\n","protected":false},"featured_media":1027343,"template":"","meta":[],"product_brand":[89],"product_cat":[769],"product_tag":[478,576,590,598],"class_list":{"0":"post-1027299","1":"product","2":"type-product","3":"status-publish","4":"has-post-thumbnail","6":"product_brand-keb","7":"product_cat-torbe-in-nahrbtniki","8":"product_tag-keb","9":"product_tag-nahrbtniki-torbe","10":"product_tag-oprema","11":"product_tag-tehnicni-nahrbtniki","13":"first","14":"outofstock","15":"shipping-taxable","16":"purchasable","17":"product-type-variable"},"yoast_head":"<!-- This site is optimized with the Yoast SEO plugin v27.0 - https:\/\/yoast.com\/product\/yoast-seo-wordpress\/ -->\n<title>Keb 52 - Fj\u00e4llr\u00e4ven<\/title>\n<meta name=\"robots\" content=\"index, follow, max-snippet:-1, max-image-preview:large, max-video-preview:-1\" \/>\n<link rel=\"canonical\" href=\"https:\/\/fjallravensi.dev.mortar.tovarnaidej.com\/izdelek\/keb-52\/\" \/>\n<meta property=\"og:locale\" content=\"en_US\" \/>\n<meta property=\"og:type\" content=\"article\" \/>\n<meta property=\"og:title\" content=\"Keb 52 - Fj\u00e4llr\u00e4ven\" \/>\n<meta property=\"og:description\" content=\"Ergonomi\u010dno zasnovan, robusten nahrbtnik za uporabo skozi vse leto.\" \/>\n<meta property=\"og:url\" content=\"https:\/\/fjallravensi.dev.mortar.tovarnaidej.com\/izdelek\/keb-52\/\" \/>\n<meta property=\"og:site_name\" content=\"Fj\u00e4llr\u00e4ven\" \/>\n<meta property=\"article:publisher\" content=\"https:\/\/www.facebook.com\/FjallravenSlovenia\" \/>\n<meta property=\"article:modified_time\" content=\"2026-03-09T13:25:05+00:00\" \/>\n<meta property=\"og:image\" content=\"https:\/\/fjallravensi.dev.mortar.tovarnaidej.com\/wp-content\/uploads\/2025\/12\/7323450489403_SS19_srrf_keb_52_fjaellraeven_21.jpg\" \/>\n\t<meta property=\"og:image:width\" content=\"577\" \/>\n\t<meta property=\"og:image:height\" content=\"577\" \/>\n\t<meta property=\"og:image:type\" content=\"image\/jpeg\" \/>\n<meta name=\"twitter:card\" content=\"summary_large_image\" \/>\n<script type=\"application\/ld+json\" class=\"yoast-schema-graph\">{\"@context\":\"https:\/\/schema.org\",\"@graph\":[{\"@type\":\"WebPage\",\"@id\":\"https:\/\/fjallravensi.dev.mortar.tovarnaidej.com\/izdelek\/keb-52\/\",\"url\":\"https:\/\/fjallravensi.dev.mortar.tovarnaidej.com\/izdelek\/keb-52\/\",\"name\":\"Keb 52 - Fj\u00e4llr\u00e4ven\",\"isPartOf\":{\"@id\":\"https:\/\/fjallravensi.dev.mortar.tovarnaidej.com\/en\/#website\"},\"primaryImageOfPage\":{\"@id\":\"https:\/\/fjallravensi.dev.mortar.tovarnaidej.com\/izdelek\/keb-52\/#primaryimage\"},\"image\":{\"@id\":\"https:\/\/fjallravensi.dev.mortar.tovarnaidej.com\/izdelek\/keb-52\/#primaryimage\"},\"thumbnailUrl\":\"https:\/\/fjallravensi.dev.mortar.tovarnaidej.com\/wp-content\/uploads\/2025\/12\/7323450489403_SS19_srrf_keb_52_fjaellraeven_21.jpg\",\"datePublished\":\"2025-12-21T23:38:18+00:00\",\"dateModified\":\"2026-03-09T13:25:05+00:00\",\"breadcrumb\":{\"@id\":\"https:\/\/fjallravensi.dev.mortar.tovarnaidej.com\/izdelek\/keb-52\/#breadcrumb\"},\"inLanguage\":\"en-US\",\"potentialAction\":[{\"@type\":\"ReadAction\",\"target\":[\"https:\/\/fjallravensi.dev.mortar.tovarnaidej.com\/izdelek\/keb-52\/\"]}]},{\"@type\":\"ImageObject\",\"inLanguage\":\"en-US\",\"@id\":\"https:\/\/fjallravensi.dev.mortar.tovarnaidej.com\/izdelek\/keb-52\/#primaryimage\",\"url\":\"https:\/\/fjallravensi.dev.mortar.tovarnaidej.com\/wp-content\/uploads\/2025\/12\/7323450489403_SS19_srrf_keb_52_fjaellraeven_21.jpg\",\"contentUrl\":\"https:\/\/fjallravensi.dev.mortar.tovarnaidej.com\/wp-content\/uploads\/2025\/12\/7323450489403_SS19_srrf_keb_52_fjaellraeven_21.jpg\",\"width\":577,\"height\":577},{\"@type\":\"BreadcrumbList\",\"@id\":\"https:\/\/fjallravensi.dev.mortar.tovarnaidej.com\/izdelek\/keb-52\/#breadcrumb\",\"itemListElement\":[{\"@type\":\"ListItem\",\"position\":1,\"name\":\"Home\",\"item\":\"https:\/\/fjallravensi.dev.mortar.tovarnaidej.com\/\"},{\"@type\":\"ListItem\",\"position\":2,\"name\":\"Shop\",\"item\":\"https:\/\/fjallravensi.dev.mortar.tovarnaidej.com\/en\/shop\/\"},{\"@type\":\"ListItem\",\"position\":3,\"name\":\"Keb 52\"}]},{\"@type\":\"WebSite\",\"@id\":\"https:\/\/fjallravensi.dev.mortar.tovarnaidej.com\/en\/#website\",\"url\":\"https:\/\/fjallravensi.dev.mortar.tovarnaidej.com\/en\/\",\"name\":\"Fj\u00e4llr\u00e4ven\",\"description\":\"Spletna trgovina\",\"publisher\":{\"@id\":\"https:\/\/fjallravensi.dev.mortar.tovarnaidej.com\/en\/#organization\"},\"potentialAction\":[{\"@type\":\"SearchAction\",\"target\":{\"@type\":\"EntryPoint\",\"urlTemplate\":\"https:\/\/fjallravensi.dev.mortar.tovarnaidej.com\/en\/?s={search_term_string}\"},\"query-input\":{\"@type\":\"PropertyValueSpecification\",\"valueRequired\":true,\"valueName\":\"search_term_string\"}}],\"inLanguage\":\"en-US\"},{\"@type\":\"Organization\",\"@id\":\"https:\/\/fjallravensi.dev.mortar.tovarnaidej.com\/en\/#organization\",\"name\":\"Fj\u00e4llr\u00e4ven\",\"url\":\"https:\/\/fjallravensi.dev.mortar.tovarnaidej.com\/en\/\",\"logo\":{\"@type\":\"ImageObject\",\"inLanguage\":\"en-US\",\"@id\":\"https:\/\/fjallravensi.dev.mortar.tovarnaidej.com\/en\/#\/schema\/logo\/image\/\",\"url\":\"https:\/\/fjallravensi.dev.mortar.tovarnaidej.com\/wp-content\/uploads\/2026\/02\/fjallravenlogo.svg\",\"contentUrl\":\"https:\/\/fjallravensi.dev.mortar.tovarnaidej.com\/wp-content\/uploads\/2026\/02\/fjallravenlogo.svg\",\"width\":126,\"height\":46,\"caption\":\"Fj\u00e4llr\u00e4ven\"},\"image\":{\"@id\":\"https:\/\/fjallravensi.dev.mortar.tovarnaidej.com\/en\/#\/schema\/logo\/image\/\"},\"sameAs\":[\"https:\/\/www.facebook.com\/FjallravenSlovenia\"]}]}<\/script>\n<!-- \/ Yoast SEO plugin. -->","yoast_head_json":{"title":"Keb 52 - Fj\u00e4llr\u00e4ven","robots":{"index":"index","follow":"follow","max-snippet":"max-snippet:-1","max-image-preview":"max-image-preview:large","max-video-preview":"max-video-preview:-1"},"canonical":"https:\/\/fjallravensi.dev.mortar.tovarnaidej.com\/izdelek\/keb-52\/","og_locale":"en_US","og_type":"article","og_title":"Keb 52 - Fj\u00e4llr\u00e4ven","og_description":"Ergonomi\u010dno zasnovan, robusten nahrbtnik za uporabo skozi vse leto.","og_url":"https:\/\/fjallravensi.dev.mortar.tovarnaidej.com\/izdelek\/keb-52\/","og_site_name":"Fj\u00e4llr\u00e4ven","article_publisher":"https:\/\/www.facebook.com\/FjallravenSlovenia","article_modified_time":"2026-03-09T13:25:05+00:00","og_image":[{"width":577,"height":577,"url":"https:\/\/fjallravensi.dev.mortar.tovarnaidej.com\/wp-content\/uploads\/2025\/12\/7323450489403_SS19_srrf_keb_52_fjaellraeven_21.jpg","type":"image\/jpeg"}],"twitter_card":"summary_large_image","schema":{"@context":"https:\/\/schema.org","@graph":[{"@type":"WebPage","@id":"https:\/\/fjallravensi.dev.mortar.tovarnaidej.com\/izdelek\/keb-52\/","url":"https:\/\/fjallravensi.dev.mortar.tovarnaidej.com\/izdelek\/keb-52\/","name":"Keb 52 - Fj\u00e4llr\u00e4ven","isPartOf":{"@id":"https:\/\/fjallravensi.dev.mortar.tovarnaidej.com\/en\/#website"},"primaryImageOfPage":{"@id":"https:\/\/fjallravensi.dev.mortar.tovarnaidej.com\/izdelek\/keb-52\/#primaryimage"},"image":{"@id":"https:\/\/fjallravensi.dev.mortar.tovarnaidej.com\/izdelek\/keb-52\/#primaryimage"},"thumbnailUrl":"https:\/\/fjallravensi.dev.mortar.tovarnaidej.com\/wp-content\/uploads\/2025\/12\/7323450489403_SS19_srrf_keb_52_fjaellraeven_21.jpg","datePublished":"2025-12-21T23:38:18+00:00","dateModified":"2026-03-09T13:25:05+00:00","breadcrumb":{"@id":"https:\/\/fjallravensi.dev.mortar.tovarnaidej.com\/izdelek\/keb-52\/#breadcrumb"},"inLanguage":"en-US","potentialAction":[{"@type":"ReadAction","target":["https:\/\/fjallravensi.dev.mortar.tovarnaidej.com\/izdelek\/keb-52\/"]}]},{"@type":"ImageObject","inLanguage":"en-US","@id":"https:\/\/fjallravensi.dev.mortar.tovarnaidej.com\/izdelek\/keb-52\/#primaryimage","url":"https:\/\/fjallravensi.dev.mortar.tovarnaidej.com\/wp-content\/uploads\/2025\/12\/7323450489403_SS19_srrf_keb_52_fjaellraeven_21.jpg","contentUrl":"https:\/\/fjallravensi.dev.mortar.tovarnaidej.com\/wp-content\/uploads\/2025\/12\/7323450489403_SS19_srrf_keb_52_fjaellraeven_21.jpg","width":577,"height":577},{"@type":"BreadcrumbList","@id":"https:\/\/fjallravensi.dev.mortar.tovarnaidej.com\/izdelek\/keb-52\/#breadcrumb","itemListElement":[{"@type":"ListItem","position":1,"name":"Home","item":"https:\/\/fjallravensi.dev.mortar.tovarnaidej.com\/"},{"@type":"ListItem","position":2,"name":"Shop","item":"https:\/\/fjallravensi.dev.mortar.tovarnaidej.com\/en\/shop\/"},{"@type":"ListItem","position":3,"name":"Keb 52"}]},{"@type":"WebSite","@id":"https:\/\/fjallravensi.dev.mortar.tovarnaidej.com\/en\/#website","url":"https:\/\/fjallravensi.dev.mortar.tovarnaidej.com\/en\/","name":"Fj\u00e4llr\u00e4ven","description":"Spletna trgovina","publisher":{"@id":"https:\/\/fjallravensi.dev.mortar.tovarnaidej.com\/en\/#organization"},"potentialAction":[{"@type":"SearchAction","target":{"@type":"EntryPoint","urlTemplate":"https:\/\/fjallravensi.dev.mortar.tovarnaidej.com\/en\/?s={search_term_string}"},"query-input":{"@type":"PropertyValueSpecification","valueRequired":true,"valueName":"search_term_string"}}],"inLanguage":"en-US"},{"@type":"Organization","@id":"https:\/\/fjallravensi.dev.mortar.tovarnaidej.com\/en\/#organization","name":"Fj\u00e4llr\u00e4ven","url":"https:\/\/fjallravensi.dev.mortar.tovarnaidej.com\/en\/","logo":{"@type":"ImageObject","inLanguage":"en-US","@id":"https:\/\/fjallravensi.dev.mortar.tovarnaidej.com\/en\/#\/schema\/logo\/image\/","url":"https:\/\/fjallravensi.dev.mortar.tovarnaidej.com\/wp-content\/uploads\/2026\/02\/fjallravenlogo.svg","contentUrl":"https:\/\/fjallravensi.dev.mortar.tovarnaidej.com\/wp-content\/uploads\/2026\/02\/fjallravenlogo.svg","width":126,"height":46,"caption":"Fj\u00e4llr\u00e4ven"},"image":{"@id":"https:\/\/fjallravensi.dev.mortar.tovarnaidej.com\/en\/#\/schema\/logo\/image\/"},"sameAs":["https:\/\/www.facebook.com\/FjallravenSlovenia"]}]}},"_links":{"self":[{"href":"https:\/\/fjallravensi.dev.mortar.tovarnaidej.com\/en\/wp-json\/wp\/v2\/product\/1027299","targetHints":{"allow":["GET"]}}],"collection":[{"href":"https:\/\/fjallravensi.dev.mortar.tovarnaidej.com\/en\/wp-json\/wp\/v2\/product"}],"about":[{"href":"https:\/\/fjallravensi.dev.mortar.tovarnaidej.com\/en\/wp-json\/wp\/v2\/types\/product"}],"version-history":[{"count":1,"href":"https:\/\/fjallravensi.dev.mortar.tovarnaidej.com\/en\/wp-json\/wp\/v2\/product\/1027299\/revisions"}],"predecessor-version":[{"id":1027342,"href":"https:\/\/fjallravensi.dev.mortar.tovarnaidej.com\/en\/wp-json\/wp\/v2\/product\/1027299\/revisions\/1027342"}],"wp:featuredmedia":[{"embeddable":true,"href":"https:\/\/fjallravensi.dev.mortar.tovarnaidej.com\/en\/wp-json\/wp\/v2\/media\/1027343"}],"wp:attachment":[{"href":"https:\/\/fjallravensi.dev.mortar.tovarnaidej.com\/en\/wp-json\/wp\/v2\/media?parent=1027299"}],"wp:term":[{"taxonomy":"product_brand","embeddable":true,"href":"https:\/\/fjallravensi.dev.mortar.tovarnaidej.com\/en\/wp-json\/wp\/v2\/product_brand?post=1027299"},{"taxonomy":"product_cat","embeddable":true,"href":"https:\/\/fjallravensi.dev.mortar.tovarnaidej.com\/en\/wp-json\/wp\/v2\/product_cat?post=1027299"},{"taxonomy":"product_tag","embeddable":true,"href":"https:\/\/fjallravensi.dev.mortar.tovarnaidej.com\/en\/wp-json\/wp\/v2\/product_tag?post=1027299"}],"curies":[{"name":"wp","href":"https:\/\/api.w.org\/{rel}","templated":true}]}}